{"id":1098,"date":"2026-01-11T13:06:44","date_gmt":"2026-01-11T13:06:44","guid":{"rendered":"https:\/\/izmirvartaaku.com\/?post_type=product&#038;p=1098"},"modified":"2026-02-13T06:48:17","modified_gmt":"2026-02-13T06:48:17","slug":"mutlu-aku-55","status":"publish","type":"product","link":"https:\/\/izmirvartaaku.com\/en\/product\/mutlu-aku-55\/","title":{"rendered":"Mutlu EFB 12V 70Ah 760A (EN) Ak\u00fc"},"content":{"rendered":"<p>Mutlu EFB 12V 70Ah 760A (EN) Ak\u00fc<br \/>\nNEDEN MUTLU AK\u00dc TERC\u0130H ED\u0130L\u0130R?<br \/>\n1945 y\u0131l\u0131ndan beri tecr\u00fcbesi ve kaliteli hizmet anlay\u0131\u015f\u0131yla sekt\u00f6r\u00fcne y\u00f6n veren Mutlu Ak\u00fc, deneyimini yeni teknolojilerle harmanlayarak; y\u0131llard\u0131r T\u00fcrkiye\u2019nin en bilinen, 1 numaral\u0131 ak\u00fc markas\u0131d\u0131r.<br \/>\nAra\u00e7 \u00fcreticilerinin teknik ve \u00fcst\u00fcn performans beklentilerini kar\u015f\u0131layan, IATF 16949 sertifikal\u0131 g\u00fcvenilir \u00e7\u00f6z\u00fcm orta\u011f\u0131 Mutlu Ak\u00fc, sekt\u00f6r\u00fcnde \u00f6nde gelen bir\u00e7ok otomotiv firmas\u0131 taraf\u0131ndan orijinal ekipman \u00fcreticisi olarak tercih edilmektedir. T\u00fcrkiye\u2019de \u00fcretilen ara\u00e7lar\u0131n b\u00fcy\u00fck \u00e7o\u011funlu\u011funda orijinal ak\u00fc olarak Mutlu Ak\u00fc kullan\u0131lmaktad\u0131r.<br \/>\nY\u0131lda 6 milyon ak\u00fc \u00fcretim kapasitesine sahip Mutlu Ak\u00fc tesislerinde \u00fcretilen ak\u00fcler, 6 k\u0131tada 80\u2019in \u00fczerinde \u00fclkeye ihra\u00e7 edilmektedir. \u00c7evre ve enerji verimlili\u011fine duyarl\u0131 \u00fcretim tesisleri; ISO 9001:2015, ISO 14001:2015, ISO 50001:2011 ve ISO 45001:2018 belgeleriyle sertifikaland\u0131r\u0131lm\u0131\u015ft\u0131r. Ayr\u0131ca tesis i\u00e7erisinde yer alan ISO 17025 akreditasyonlu Ar-Ge Merkezinde, teknolojik trendleri takip ederek \u00fcr\u00fcn \u00e7e\u015fitlili\u011fi ve kalitesini m\u00fckemmelle\u015ftirmeyi hedefleyen bir\u00e7ok proje geli\u015ftirilip hayata ge\u00e7irilmektedir. Mutlu Ak\u00fc, 40.000 ton kapasiteli geri d\u00f6n\u00fc\u015f\u00fcm tesisi sayesinde t\u00fcm \u00fcr\u00fcnlerde %100\u2019e yak\u0131n geri kazan\u0131m elde etmekte, \u00e7evreye ve s\u00fcrd\u00fcr\u00fclebilirli\u011fe katk\u0131 sa\u011flamaktad\u0131r. B\u00f6ylece kaynaklar\u0131n gereksiz kullan\u0131m\u0131n\u0131n \u00f6n\u00fcne ge\u00e7erek, sahip oldu\u011fu \u00e7evre bilincini t\u00fcm faaliyetlerinde g\u00f6stermektedir.<br \/>\nHer araca uygun ak\u00fcleri ve alternatif enerji \u00e7\u00f6z\u00fcmleriyle Mutlu Ak\u00fc, T\u00fcrkiye\u2019nin d\u00f6rt bir yan\u0131nda yayg\u0131n sat\u0131\u015f a\u011f\u0131yla yer almaktad\u0131r. 81 ilde, t\u00fcm marka ve model ara\u00e7lara \u00f6zel mobil hizmeti sayesinde de m\u00fc\u015fterilerinin her zaman yan\u0131ndad\u0131r.<\/p>","protected":false},"excerpt":{"rendered":"<p>Mutlu EFB 12V 70Ah 760A (EN) Ak\u00fc NEDEN MUTLU AK\u00dc TERC\u0130H ED\u0130L\u0130R? 1945 y\u0131l\u0131ndan beri tecr\u00fcbesi ve kaliteli hizmet anlay\u0131\u015f\u0131yla sekt\u00f6r\u00fcne y\u00f6n veren Mutlu Ak\u00fc, deneyimini yeni teknolojilerle harmanlayarak; y\u0131llard\u0131r T\u00fcrkiye\u2019nin en bilinen, 1 numaral\u0131 ak\u00fc markas\u0131d\u0131r. Ara\u00e7 \u00fcreticilerinin teknik ve \u00fcst\u00fcn performans beklentilerini kar\u015f\u0131layan, IATF 16949 sertifikal\u0131 g\u00fcvenilir \u00e7\u00f6z\u00fcm orta\u011f\u0131 Mutlu Ak\u00fc, sekt\u00f6r\u00fcnde \u00f6nde [&hellip;]<\/p>\n","protected":false},"featured_media":1504,"comment_status":"open","ping_status":"closed","template":"","meta":[],"product_brand":[],"product_cat":[40],"product_tag":[35,85],"class_list":{"0":"post-1098","1":"product","2":"type-product","3":"status-publish","4":"has-post-thumbnail","6":"product_cat-mutlu-aku","7":"product_tag-en-cok-satanlar","8":"product_tag-mutlu","10":"first","11":"instock","12":"sale","13":"shipping-taxable","14":"purchasable","15":"product-type-simple"},"yoast_head":"<!-- This site is optimized with the Yoast SEO plugin v27.2 - https:\/\/yoast.com\/product\/yoast-seo-wordpress\/ -->\n<title>Mutlu EFB 12V 70Ah 760A (EN) Ak\u00fc - \u0130zmir Varta Ak\u00fc - Ak\u00fc Market - Ak\u00fc Yol Yard\u0131m - \u0130zmir<\/title>\n<meta name=\"description\" content=\"Mutlu EFB 12V 70Ah 760A (EN) Ak\u00fc - \u0130zmir Varta Ak\u00fc - Ak\u00fc Market - Ak\u00fc Yol Yard\u0131m - \u0130zmir\" \/>\n<meta name=\"robots\" content=\"index, follow, max-snippet:-1, max-image-preview:large, max-video-preview:-1\" \/>\n<link rel=\"canonical\" href=\"https:\/\/izmirvartaaku.com\/en\/product\/mutlu-aku-55\/\" \/>\n<meta property=\"og:locale\" content=\"en_US\" \/>\n<meta property=\"og:type\" content=\"article\" \/>\n<meta property=\"og:title\" content=\"Mutlu EFB 12V 70Ah 760A (EN) Ak\u00fc - \u0130zmir Varta Ak\u00fc - Ak\u00fc Market - Ak\u00fc Yol Yard\u0131m - \u0130zmir\" \/>\n<meta property=\"og:description\" content=\"Mutlu EFB 12V 70Ah 760A (EN) Ak\u00fc - \u0130zmir Varta Ak\u00fc - Ak\u00fc Market - Ak\u00fc Yol Yard\u0131m - \u0130zmir\" \/>\n<meta property=\"og:url\" content=\"https:\/\/izmirvartaaku.com\/en\/product\/mutlu-aku-55\/\" \/>\n<meta property=\"og:site_name\" content=\"\u0130zmir Varta Ak\u00fc - Ak\u00fc Market - Ak\u00fc Yol Yard\u0131m - \u0130zmir\" \/>\n<meta property=\"article:modified_time\" content=\"2026-02-13T06:48:17+00:00\" \/>\n<meta property=\"og:image\" content=\"https:\/\/izmirvartaaku.com\/wp-content\/uploads\/2026\/01\/Mutlu-EFB-Start-Stop-12-V-72-Ah-720-A-EN-Aku-NN.webp\" \/>\n\t<meta property=\"og:image:width\" content=\"592\" \/>\n\t<meta property=\"og:image:height\" content=\"592\" \/>\n\t<meta property=\"og:image:type\" content=\"image\/webp\" \/>\n<meta name=\"twitter:card\" content=\"summary_large_image\" \/>\n<meta name=\"twitter:label1\" content=\"Est. reading time\" \/>\n\t<meta name=\"twitter:data1\" content=\"1 minute\" \/>\n<script type=\"application\/ld+json\" class=\"yoast-schema-graph\">{\"@context\":\"https:\/\/schema.org\",\"@graph\":[{\"@type\":\"WebPage\",\"@id\":\"https:\/\/izmirvartaaku.com\/urun\/mutlu-aku-55\/\",\"url\":\"https:\/\/izmirvartaaku.com\/urun\/mutlu-aku-55\/\",\"name\":\"Mutlu EFB 12V 70Ah 760A (EN) Ak\u00fc - \u0130zmir Varta Ak\u00fc - Ak\u00fc Market - Ak\u00fc Yol Yard\u0131m - \u0130zmir\",\"isPartOf\":{\"@id\":\"https:\/\/izmirvartaaku.com\/#website\"},\"primaryImageOfPage\":{\"@id\":\"https:\/\/izmirvartaaku.com\/urun\/mutlu-aku-55\/#primaryimage\"},\"image\":{\"@id\":\"https:\/\/izmirvartaaku.com\/urun\/mutlu-aku-55\/#primaryimage\"},\"thumbnailUrl\":\"https:\/\/izmirvartaaku.com\/wp-content\/uploads\/2026\/01\/Mutlu-EFB-Start-Stop-12-V-72-Ah-720-A-EN-Aku-NN.webp\",\"datePublished\":\"2026-01-11T13:06:44+00:00\",\"dateModified\":\"2026-02-13T06:48:17+00:00\",\"description\":\"Mutlu EFB 12V 70Ah 760A (EN) Ak\u00fc - \u0130zmir Varta Ak\u00fc - Ak\u00fc Market - Ak\u00fc Yol Yard\u0131m - \u0130zmir\",\"breadcrumb\":{\"@id\":\"https:\/\/izmirvartaaku.com\/urun\/mutlu-aku-55\/#breadcrumb\"},\"inLanguage\":\"en-US\",\"potentialAction\":[{\"@type\":\"ReadAction\",\"target\":[\"https:\/\/izmirvartaaku.com\/urun\/mutlu-aku-55\/\"]}]},{\"@type\":\"ImageObject\",\"inLanguage\":\"en-US\",\"@id\":\"https:\/\/izmirvartaaku.com\/urun\/mutlu-aku-55\/#primaryimage\",\"url\":\"https:\/\/izmirvartaaku.com\/wp-content\/uploads\/2026\/01\/Mutlu-EFB-Start-Stop-12-V-72-Ah-720-A-EN-Aku-NN.webp\",\"contentUrl\":\"https:\/\/izmirvartaaku.com\/wp-content\/uploads\/2026\/01\/Mutlu-EFB-Start-Stop-12-V-72-Ah-720-A-EN-Aku-NN.webp\",\"width\":592,\"height\":592},{\"@type\":\"BreadcrumbList\",\"@id\":\"https:\/\/izmirvartaaku.com\/urun\/mutlu-aku-55\/#breadcrumb\",\"itemListElement\":[{\"@type\":\"ListItem\",\"position\":1,\"name\":\"Anasayfa\",\"item\":\"https:\/\/izmirvartaaku.com\/\"},{\"@type\":\"ListItem\",\"position\":2,\"name\":\"T\u00fcm \u00dcr\u00fcnler\",\"item\":\"https:\/\/izmirvartaaku.com\/tum-urunler\/\"},{\"@type\":\"ListItem\",\"position\":3,\"name\":\"Mutlu EFB 12V 70Ah 760A (EN) Ak\u00fc\"}]},{\"@type\":\"WebSite\",\"@id\":\"https:\/\/izmirvartaaku.com\/#website\",\"url\":\"https:\/\/izmirvartaaku.com\/\",\"name\":\"\u0130zmir Varta Ak\u00fc - Ak\u00fc Market - Ak\u00fc Yol Yard\u0131m - \u0130zmir\",\"description\":\"\u0130zmir Varta Ak\u00fc - Ak\u00fc Market - Ak\u00fc Yol Yard\u0131m -  \u0130zmir\",\"publisher\":{\"@id\":\"https:\/\/izmirvartaaku.com\/#organization\"},\"potentialAction\":[{\"@type\":\"SearchAction\",\"target\":{\"@type\":\"EntryPoint\",\"urlTemplate\":\"https:\/\/izmirvartaaku.com\/?s={search_term_string}\"},\"query-input\":{\"@type\":\"PropertyValueSpecification\",\"valueRequired\":true,\"valueName\":\"search_term_string\"}}],\"inLanguage\":\"en-US\"},{\"@type\":\"Organization\",\"@id\":\"https:\/\/izmirvartaaku.com\/#organization\",\"name\":\"\u0130zmir Varta Ak\u00fc - Ak\u00fc Market - Ak\u00fc Yol Yard\u0131m - \u0130zmir\",\"url\":\"https:\/\/izmirvartaaku.com\/\",\"logo\":{\"@type\":\"ImageObject\",\"inLanguage\":\"en-US\",\"@id\":\"https:\/\/izmirvartaaku.com\/#\/schema\/logo\/image\/\",\"url\":\"https:\/\/izmirvartaaku.com\/wp-content\/uploads\/2026\/01\/izmir-varta-aku-logo.png\",\"contentUrl\":\"https:\/\/izmirvartaaku.com\/wp-content\/uploads\/2026\/01\/izmir-varta-aku-logo.png\",\"width\":200,\"height\":92,\"caption\":\"\u0130zmir Varta Ak\u00fc - Ak\u00fc Market - Ak\u00fc Yol Yard\u0131m - \u0130zmir\"},\"image\":{\"@id\":\"https:\/\/izmirvartaaku.com\/#\/schema\/logo\/image\/\"}}]}<\/script>\n<!-- \/ Yoast SEO plugin. -->","yoast_head_json":{"title":"Mutlu EFB 12V 70Ah 760A (EN) Ak\u00fc - \u0130zmir Varta Ak\u00fc - Ak\u00fc Market - Ak\u00fc Yol Yard\u0131m - \u0130zmir","description":"Mutlu EFB 12V 70Ah 760A (EN) Ak\u00fc - \u0130zmir Varta Ak\u00fc - Ak\u00fc Market - Ak\u00fc Yol Yard\u0131m - \u0130zmir","robots":{"index":"index","follow":"follow","max-snippet":"max-snippet:-1","max-image-preview":"max-image-preview:large","max-video-preview":"max-video-preview:-1"},"canonical":"https:\/\/izmirvartaaku.com\/en\/product\/mutlu-aku-55\/","og_locale":"en_US","og_type":"article","og_title":"Mutlu EFB 12V 70Ah 760A (EN) Ak\u00fc - \u0130zmir Varta Ak\u00fc - Ak\u00fc Market - Ak\u00fc Yol Yard\u0131m - \u0130zmir","og_description":"Mutlu EFB 12V 70Ah 760A (EN) Ak\u00fc - \u0130zmir Varta Ak\u00fc - Ak\u00fc Market - Ak\u00fc Yol Yard\u0131m - \u0130zmir","og_url":"https:\/\/izmirvartaaku.com\/en\/product\/mutlu-aku-55\/","og_site_name":"\u0130zmir Varta Ak\u00fc - Ak\u00fc Market - Ak\u00fc Yol Yard\u0131m - \u0130zmir","article_modified_time":"2026-02-13T06:48:17+00:00","og_image":[{"width":592,"height":592,"url":"https:\/\/izmirvartaaku.com\/wp-content\/uploads\/2026\/01\/Mutlu-EFB-Start-Stop-12-V-72-Ah-720-A-EN-Aku-NN.webp","type":"image\/webp"}],"twitter_card":"summary_large_image","twitter_misc":{"Est. reading time":"1 minute"},"schema":{"@context":"https:\/\/schema.org","@graph":[{"@type":"WebPage","@id":"https:\/\/izmirvartaaku.com\/urun\/mutlu-aku-55\/","url":"https:\/\/izmirvartaaku.com\/urun\/mutlu-aku-55\/","name":"Mutlu EFB 12V 70Ah 760A (EN) Ak\u00fc - \u0130zmir Varta Ak\u00fc - Ak\u00fc Market - Ak\u00fc Yol Yard\u0131m - \u0130zmir","isPartOf":{"@id":"https:\/\/izmirvartaaku.com\/#website"},"primaryImageOfPage":{"@id":"https:\/\/izmirvartaaku.com\/urun\/mutlu-aku-55\/#primaryimage"},"image":{"@id":"https:\/\/izmirvartaaku.com\/urun\/mutlu-aku-55\/#primaryimage"},"thumbnailUrl":"https:\/\/izmirvartaaku.com\/wp-content\/uploads\/2026\/01\/Mutlu-EFB-Start-Stop-12-V-72-Ah-720-A-EN-Aku-NN.webp","datePublished":"2026-01-11T13:06:44+00:00","dateModified":"2026-02-13T06:48:17+00:00","description":"Mutlu EFB 12V 70Ah 760A (EN) Ak\u00fc - \u0130zmir Varta Ak\u00fc - Ak\u00fc Market - Ak\u00fc Yol Yard\u0131m - \u0130zmir","breadcrumb":{"@id":"https:\/\/izmirvartaaku.com\/urun\/mutlu-aku-55\/#breadcrumb"},"inLanguage":"en-US","potentialAction":[{"@type":"ReadAction","target":["https:\/\/izmirvartaaku.com\/urun\/mutlu-aku-55\/"]}]},{"@type":"ImageObject","inLanguage":"en-US","@id":"https:\/\/izmirvartaaku.com\/urun\/mutlu-aku-55\/#primaryimage","url":"https:\/\/izmirvartaaku.com\/wp-content\/uploads\/2026\/01\/Mutlu-EFB-Start-Stop-12-V-72-Ah-720-A-EN-Aku-NN.webp","contentUrl":"https:\/\/izmirvartaaku.com\/wp-content\/uploads\/2026\/01\/Mutlu-EFB-Start-Stop-12-V-72-Ah-720-A-EN-Aku-NN.webp","width":592,"height":592},{"@type":"BreadcrumbList","@id":"https:\/\/izmirvartaaku.com\/urun\/mutlu-aku-55\/#breadcrumb","itemListElement":[{"@type":"ListItem","position":1,"name":"Anasayfa","item":"https:\/\/izmirvartaaku.com\/"},{"@type":"ListItem","position":2,"name":"T\u00fcm \u00dcr\u00fcnler","item":"https:\/\/izmirvartaaku.com\/tum-urunler\/"},{"@type":"ListItem","position":3,"name":"Mutlu EFB 12V 70Ah 760A (EN) Ak\u00fc"}]},{"@type":"WebSite","@id":"https:\/\/izmirvartaaku.com\/#website","url":"https:\/\/izmirvartaaku.com\/","name":"\u0130zmir Varta Ak\u00fc - Ak\u00fc Market - Ak\u00fc Yol Yard\u0131m - \u0130zmir","description":"\u0130zmir Varta Ak\u00fc - Ak\u00fc Market - Ak\u00fc Yol Yard\u0131m -  \u0130zmir","publisher":{"@id":"https:\/\/izmirvartaaku.com\/#organization"},"potentialAction":[{"@type":"SearchAction","target":{"@type":"EntryPoint","urlTemplate":"https:\/\/izmirvartaaku.com\/?s={search_term_string}"},"query-input":{"@type":"PropertyValueSpecification","valueRequired":true,"valueName":"search_term_string"}}],"inLanguage":"en-US"},{"@type":"Organization","@id":"https:\/\/izmirvartaaku.com\/#organization","name":"\u0130zmir Varta Ak\u00fc - Ak\u00fc Market - Ak\u00fc Yol Yard\u0131m - \u0130zmir","url":"https:\/\/izmirvartaaku.com\/","logo":{"@type":"ImageObject","inLanguage":"en-US","@id":"https:\/\/izmirvartaaku.com\/#\/schema\/logo\/image\/","url":"https:\/\/izmirvartaaku.com\/wp-content\/uploads\/2026\/01\/izmir-varta-aku-logo.png","contentUrl":"https:\/\/izmirvartaaku.com\/wp-content\/uploads\/2026\/01\/izmir-varta-aku-logo.png","width":200,"height":92,"caption":"\u0130zmir Varta Ak\u00fc - Ak\u00fc Market - Ak\u00fc Yol Yard\u0131m - \u0130zmir"},"image":{"@id":"https:\/\/izmirvartaaku.com\/#\/schema\/logo\/image\/"}}]}},"_links":{"self":[{"href":"https:\/\/izmirvartaaku.com\/en\/wp-json\/wp\/v2\/product\/1098","targetHints":{"allow":["GET"]}}],"collection":[{"href":"https:\/\/izmirvartaaku.com\/en\/wp-json\/wp\/v2\/product"}],"about":[{"href":"https:\/\/izmirvartaaku.com\/en\/wp-json\/wp\/v2\/types\/product"}],"replies":[{"embeddable":true,"href":"https:\/\/izmirvartaaku.com\/en\/wp-json\/wp\/v2\/comments?post=1098"}],"wp:featuredmedia":[{"embeddable":true,"href":"https:\/\/izmirvartaaku.com\/en\/wp-json\/wp\/v2\/media\/1504"}],"wp:attachment":[{"href":"https:\/\/izmirvartaaku.com\/en\/wp-json\/wp\/v2\/media?parent=1098"}],"wp:term":[{"taxonomy":"product_brand","embeddable":true,"href":"https:\/\/izmirvartaaku.com\/en\/wp-json\/wp\/v2\/product_brand?post=1098"},{"taxonomy":"product_cat","embeddable":true,"href":"https:\/\/izmirvartaaku.com\/en\/wp-json\/wp\/v2\/product_cat?post=1098"},{"taxonomy":"product_tag","embeddable":true,"href":"https:\/\/izmirvartaaku.com\/en\/wp-json\/wp\/v2\/product_tag?post=1098"}],"curies":[{"name":"wp","href":"https:\/\/api.w.org\/{rel}","templated":true}]}}