{"id":1116,"date":"2026-01-11T13:06:52","date_gmt":"2026-01-11T13:06:52","guid":{"rendered":"https:\/\/izmirvartaaku.com\/?post_type=product&#038;p=1116"},"modified":"2026-02-19T08:57:29","modified_gmt":"2026-02-19T08:57:29","slug":"inci-aku-50-agm","status":"publish","type":"product","link":"https:\/\/izmirvartaaku.com\/en\/product\/inci-aku-50-agm\/","title":{"rendered":"\u0130nci Taurus 12V 50Ah 420A (EN) Bas\u0131k Kare Tip Ak\u00fc"},"content":{"rendered":"<p>\u0130nci Taurus 12V 50Ah 420A (EN) Bas\u0131k Kare Tip Ak\u00fc<br \/>\nAra\u00e7larda Ak\u00fcn\u00fcn \u00d6nemi Nedir?<br \/>\nElektrik enerjisini kimyasal enerjiye d\u00f6n\u00fc\u015ft\u00fcren ak\u00fcler, ara\u00e7lar\u0131n enerji ihtiyac\u0131n\u0131 kar\u015f\u0131lama g\u00f6revini tek ba\u015f\u0131na \u00fcstlenir. Mar\u015fa basmadan \u0131\u015f\u0131kland\u0131rmaya, ate\u015flemeden arac\u0131n elektriksel aksam\u0131n\u0131 kullanmaya kadar pek \u00e7ok \u00f6zelli\u011fin \u00e7al\u0131\u015fmas\u0131 i\u00e7in ara\u00e7 ak\u00fcleri kullan\u0131l\u0131r. Bu nedenle hem y\u00fcksek performans sunan hem de uzun kullan\u0131m \u00f6mr\u00fcne sahip bir ak\u00fc modeli tercih edilmelidir. Arac\u0131n performans\u0131ndan maksimum seviyede faydalanman\u0131n \u00f6n ko\u015fulu, yeterli enerjiyi sunabilen bir ak\u00fc \u00e7e\u015fidi kullanmakt\u0131r.<br \/>\nHangi Ak\u00fcy\u00fc Almal\u0131s\u0131n\u0131z?<br \/>\n\u0130nci Ak\u00fc uzmanl\u0131\u011f\u0131 e\u015fli\u011finde \u2018ak\u00fcn\u00fc bul ve arac\u0131n\u0131 en do\u011fru ak\u00fc ile bulu\u015ftur diyerek sizleri \u2018Ak\u00fcn\u00fc Bul\u2019 hizmetimizle tan\u0131\u015ft\u0131rmak isteriz. \u0130nternet sitemizde yer alan \u2018Ak\u00fcn\u00fc Bul\u2019 sayfas\u0131na t\u0131klayarak arac\u0131n\u0131z i\u00e7in uygun ak\u00fcy\u00fc an\u0131nda bulabilirsiniz. Kulland\u0131\u011f\u0131n\u0131z araca dair birka\u00e7 bilgiyi ilgili alana yazman\u0131z durumunda en do\u011fru ak\u00fc modeli an\u0131nda kar\u015f\u0131n\u0131za \u00e7\u0131kacakt\u0131r.<br \/>\nNeden \u0130nci Ak\u00fc Tercih Edilmeli?<br \/>\n\u0130nci Ak\u00fc olarak kuruldu\u011fumuz g\u00fcnden bu yana otomotiv sekt\u00f6r\u00fcndeki t\u00fcm yeniliklerin yak\u0131n takip\u00e7isiyiz. Her araca uygun ak\u00fc \u00e7e\u015fitleri geli\u015ftiriyor ve \u00fcretimlerimizde en yeni teknolojileri kullan\u0131yoruz. Ayr\u0131ca bayi ve geni\u015f servis a\u011f\u0131 ile her daim ula\u015f\u0131labilir olmay\u0131 s\u00fcrd\u00fcr\u00fcyoruz. Start-stop teknolojisinin yan\u0131 s\u0131ra konvansiyonel ara\u00e7lar i\u00e7in de yenilik\u00e7i bir anlay\u0131\u015fla ak\u00fc tasar\u0131mlar\u0131 geli\u015ftirmeye devam ediyoruz.<br \/>\nT\u00fcrkiye\u2019nin neresinde olursan\u0131z olun, \u2018ak\u00fcmgelsin\u2019 hizmetimiz sayesinde arac\u0131n\u0131za en uygun ak\u00fcy\u00fc kolayca sat\u0131n alabilirsiniz. Bizi arayarak \u0130nci Ak\u00fc uzman\u0131n\u0131n yan\u0131n\u0131za gelmesini ve ak\u00fcn\u00fcz\u00fc yerinde de\u011fi\u015ftirmesini sa\u011flayabilir, arac\u0131n\u0131z\u0131 y\u00fcksek performansl\u0131 \u0130nci Ak\u00fc \u00e7e\u015fitleri ile bulu\u015fturabilirsiniz.<br \/>\nENERJ\u0130 UZMANI K\u0130MD\u0130R?<br \/>\n\u201c\u0130nci Ak\u00fc Enerji Uzman\u0131\u201d, sat\u0131\u015f\u0131n\u0131 ger\u00e7ekle\u015ftirdi\u011fi \u00fcr\u00fcnleri ara\u00e7 kullan\u0131c\u0131lar\u0131na denettiren, tercih ettiren, %100 m\u00fc\u015fteri memnuniyeti sunan; \u0130nci Ak\u00fc ba\u011fl\u0131l\u0131\u011f\u0131, ileti\u015fim g\u00fcc\u00fc ve markay\u0131 temsil kabiliyeti y\u00fcksek \u0130nci GS Yuasa\u2019 n\u0131n stratejik \u201c\u0130\u015f Orta\u011f\u0131\u201d d\u0131r.<br \/>\n\u0130nci Ak\u00fc Enerji Uzman\u0131, sat\u0131\u015f \u00f6ncesinde ve sat\u0131\u015f sonras\u0131nda; m\u00fc\u015fteriye dokundu\u011fu her an onun yan\u0131nda olan, beklentilerine en iyi \u015fekilde cevap veren, i\u015finin uzman\u0131 \u201cSat\u0131\u015f ve Servis\u201d noktas\u0131d\u0131r.<br \/>\n\u0130nci Ak\u00fc Enerji Uzman\u0131, yetkili servis hizmeti veren perakende sat\u0131\u015f noktas\u0131d\u0131r.<br \/>\n ENERJ\u0130 UZMANI NELER\u0130 HEDEFLER?<br \/>\n\u0130nci Ak\u00fc Enerji Uzmanlar\u0131, sat\u0131\u015f sonras\u0131 hizmet altyap\u0131s\u0131yla donat\u0131larak di\u011fer sat\u0131\u015f ve servis noktalar\u0131na \u00f6rnek olurlar; temel hedefleri \u015f\u00f6yledir:<br \/>\n\u2022\t\u0130nci Ak\u00fc markas\u0131n\u0131 en \u00fcst seviyede temsil etmek,<br \/>\n\u2022\tKullan\u0131c\u0131lara ek faydalar sunarak %100 memnuniyeti ve \u0130nci Ak\u00fc\u2019 n\u00fcn tekrar tercih edilmesini sa\u011flamak,<br \/>\n\u2022\tHizmet kalitesi, bilgi ve g\u00f6rselleri ile kurumsal bir duru\u015f olu\u015fturmak,<br \/>\n\u2022\tSahip oldu\u011fu bilgi, ileti\u015fim g\u00fcc\u00fc ve donan\u0131m\u0131 ile \u201ci\u015finin uzman\u0131\u201d olmak,<br \/>\n\u2022\t\u201cEnerji Uzman\u0131\u201d isminin bir markaya d\u00f6n\u00fc\u015fmesine katk\u0131da bulunmak.<br \/>\n S\u00dcRE\u00c7 Y\u00d6NET\u0130M\u0130<br \/>\n\u0130nci Ak\u00fc Enerji Uzman\u0131 ge\u00e7i\u015f s\u00fcreci, Sat\u0131\u015f Departman\u0131 taraf\u0131ndan Pazarlama Departman\u0131\u2019na ula\u015ft\u0131r\u0131lan talep \u00fczerine ba\u015flat\u0131l\u0131r. Pazarlama ve M\u00fc\u015fteri Deneyimleri Departmanlar\u0131 taraf\u0131ndan \u00f6n inceleme ve yerinde ziyaret sonras\u0131 a\u015fa\u011f\u0131daki kriterlere g\u00f6re de\u011ferlendirme yap\u0131l\u0131r.<br \/>\n\u2022\tSat\u0131\u015f performans\u0131<br \/>\n\u2022\t\u0130nci GS Yuasa\u2019n\u0131n t\u00fcm markalar\u0131na yetkili servis hizmeti<br \/>\n\u2022\tM\u00fc\u015fteri ili\u015fkileri ve servis y\u00f6netimi<br \/>\n\u2022\tPersonel yetkinli\u011fi ve devaml\u0131l\u0131\u011f\u0131<br \/>\n\u2022\tMa\u011fazan\u0131n fiziki konumu<br \/>\n\u2022\tGizli m\u00fc\u015fteri denetim performans\u0131<br \/>\nKONTROL VE TAK\u0130P<br \/>\n\u0130nci Ak\u00fc Enerji Uzman\u0131, \u00f6n g\u00f6r\u00fclen standartlara uygunlu\u011funun devam\u0131n\u0131 sa\u011flamakla y\u00fck\u00fcml\u00fcd\u00fcr. Sat\u0131\u015f, m\u00fc\u015fteri deneyimleri ve pazarlama departmanlar\u0131 da d\u00fczenli olarak nokta ziyaretleri yaparak kontrollerini ger\u00e7ekle\u015ftirir.<\/p>","protected":false},"excerpt":{"rendered":"<p>\u0130nci Taurus 12V 50Ah 420A (EN) Bas\u0131k Kare Tip Ak\u00fc Ara\u00e7larda Ak\u00fcn\u00fcn \u00d6nemi Nedir? Elektrik enerjisini kimyasal enerjiye d\u00f6n\u00fc\u015ft\u00fcren ak\u00fcler, ara\u00e7lar\u0131n enerji ihtiyac\u0131n\u0131 kar\u015f\u0131lama g\u00f6revini tek ba\u015f\u0131na \u00fcstlenir. Mar\u015fa basmadan \u0131\u015f\u0131kland\u0131rmaya, ate\u015flemeden arac\u0131n elektriksel aksam\u0131n\u0131 kullanmaya kadar pek \u00e7ok \u00f6zelli\u011fin \u00e7al\u0131\u015fmas\u0131 i\u00e7in ara\u00e7 ak\u00fcleri kullan\u0131l\u0131r. Bu nedenle hem y\u00fcksek performans sunan hem de uzun kullan\u0131m [&hellip;]<\/p>\n","protected":false},"featured_media":1733,"comment_status":"open","ping_status":"closed","template":"","meta":[],"product_brand":[],"product_cat":[39],"product_tag":[35],"class_list":{"0":"post-1116","1":"product","2":"type-product","3":"status-publish","4":"has-post-thumbnail","6":"product_cat-inci-aku","7":"product_tag-en-cok-satanlar","9":"first","10":"instock","11":"sale","12":"shipping-taxable","13":"purchasable","14":"product-type-simple"},"yoast_head":"<!-- This site is optimized with the Yoast SEO plugin v27.2 - https:\/\/yoast.com\/product\/yoast-seo-wordpress\/ -->\n<title>\u0130nci Taurus 12V 50Ah 420A (EN) Bas\u0131k Kare Tip Ak\u00fc - \u0130zmir Varta Ak\u00fc - Ak\u00fc Market - Ak\u00fc Yol Yard\u0131m - \u0130zmir<\/title>\n<meta name=\"description\" content=\"\u0130nci Taurus 12V 50Ah 420A (EN) Bas\u0131k Kare Tip Ak\u00fc - \u0130zmir Varta Ak\u00fc - Ak\u00fc Market - Ak\u00fc Yol Yard\u0131m - \u0130zmir\" \/>\n<meta name=\"robots\" content=\"index, follow, max-snippet:-1, max-image-preview:large, max-video-preview:-1\" \/>\n<link rel=\"canonical\" href=\"https:\/\/izmirvartaaku.com\/en\/product\/inci-aku-50-agm\/\" \/>\n<meta property=\"og:locale\" content=\"en_US\" \/>\n<meta property=\"og:type\" content=\"article\" \/>\n<meta property=\"og:title\" content=\"\u0130nci Taurus 12V 50Ah 420A (EN) Bas\u0131k Kare Tip Ak\u00fc - \u0130zmir Varta Ak\u00fc - Ak\u00fc Market - Ak\u00fc Yol Yard\u0131m - \u0130zmir\" \/>\n<meta property=\"og:description\" content=\"\u0130nci Taurus 12V 50Ah 420A (EN) Bas\u0131k Kare Tip Ak\u00fc - \u0130zmir Varta Ak\u00fc - Ak\u00fc Market - Ak\u00fc Yol Yard\u0131m - \u0130zmir\" \/>\n<meta property=\"og:url\" content=\"https:\/\/izmirvartaaku.com\/en\/product\/inci-aku-50-agm\/\" \/>\n<meta property=\"og:site_name\" content=\"\u0130zmir Varta Ak\u00fc - Ak\u00fc Market - Ak\u00fc Yol Yard\u0131m - \u0130zmir\" \/>\n<meta property=\"article:modified_time\" content=\"2026-02-19T08:57:29+00:00\" \/>\n<meta property=\"og:image\" content=\"https:\/\/izmirvartaaku.com\/wp-content\/uploads\/2026\/01\/INCI-50-2.webp\" \/>\n\t<meta property=\"og:image:width\" content=\"226\" \/>\n\t<meta property=\"og:image:height\" content=\"339\" \/>\n\t<meta property=\"og:image:type\" content=\"image\/webp\" \/>\n<meta name=\"twitter:card\" content=\"summary_large_image\" \/>\n<meta name=\"twitter:label1\" content=\"Est. reading time\" \/>\n\t<meta name=\"twitter:data1\" content=\"3 minutes\" \/>\n<script type=\"application\/ld+json\" class=\"yoast-schema-graph\">{\"@context\":\"https:\/\/schema.org\",\"@graph\":[{\"@type\":\"WebPage\",\"@id\":\"https:\/\/izmirvartaaku.com\/urun\/inci-aku-50-agm\/\",\"url\":\"https:\/\/izmirvartaaku.com\/urun\/inci-aku-50-agm\/\",\"name\":\"\u0130nci Taurus 12V 50Ah 420A (EN) Bas\u0131k Kare Tip Ak\u00fc - \u0130zmir Varta Ak\u00fc - Ak\u00fc Market - Ak\u00fc Yol Yard\u0131m - \u0130zmir\",\"isPartOf\":{\"@id\":\"https:\/\/izmirvartaaku.com\/#website\"},\"primaryImageOfPage\":{\"@id\":\"https:\/\/izmirvartaaku.com\/urun\/inci-aku-50-agm\/#primaryimage\"},\"image\":{\"@id\":\"https:\/\/izmirvartaaku.com\/urun\/inci-aku-50-agm\/#primaryimage\"},\"thumbnailUrl\":\"https:\/\/izmirvartaaku.com\/wp-content\/uploads\/2026\/01\/INCI-50-2.webp\",\"datePublished\":\"2026-01-11T13:06:52+00:00\",\"dateModified\":\"2026-02-19T08:57:29+00:00\",\"description\":\"\u0130nci Taurus 12V 50Ah 420A (EN) Bas\u0131k Kare Tip Ak\u00fc - \u0130zmir Varta Ak\u00fc - Ak\u00fc Market - Ak\u00fc Yol Yard\u0131m - \u0130zmir\",\"breadcrumb\":{\"@id\":\"https:\/\/izmirvartaaku.com\/urun\/inci-aku-50-agm\/#breadcrumb\"},\"inLanguage\":\"en-US\",\"potentialAction\":[{\"@type\":\"ReadAction\",\"target\":[\"https:\/\/izmirvartaaku.com\/urun\/inci-aku-50-agm\/\"]}]},{\"@type\":\"ImageObject\",\"inLanguage\":\"en-US\",\"@id\":\"https:\/\/izmirvartaaku.com\/urun\/inci-aku-50-agm\/#primaryimage\",\"url\":\"https:\/\/izmirvartaaku.com\/wp-content\/uploads\/2026\/01\/INCI-50-2.webp\",\"contentUrl\":\"https:\/\/izmirvartaaku.com\/wp-content\/uploads\/2026\/01\/INCI-50-2.webp\",\"width\":226,\"height\":339},{\"@type\":\"BreadcrumbList\",\"@id\":\"https:\/\/izmirvartaaku.com\/urun\/inci-aku-50-agm\/#breadcrumb\",\"itemListElement\":[{\"@type\":\"ListItem\",\"position\":1,\"name\":\"Anasayfa\",\"item\":\"https:\/\/izmirvartaaku.com\/\"},{\"@type\":\"ListItem\",\"position\":2,\"name\":\"T\u00fcm \u00dcr\u00fcnler\",\"item\":\"https:\/\/izmirvartaaku.com\/tum-urunler\/\"},{\"@type\":\"ListItem\",\"position\":3,\"name\":\"\u0130nci Taurus 12V 50Ah 420A (EN) Bas\u0131k Kare Tip Ak\u00fc\"}]},{\"@type\":\"WebSite\",\"@id\":\"https:\/\/izmirvartaaku.com\/#website\",\"url\":\"https:\/\/izmirvartaaku.com\/\",\"name\":\"\u0130zmir Varta Ak\u00fc - Ak\u00fc Market - Ak\u00fc Yol Yard\u0131m - \u0130zmir\",\"description\":\"\u0130zmir Varta Ak\u00fc - Ak\u00fc Market - Ak\u00fc Yol Yard\u0131m -  \u0130zmir\",\"publisher\":{\"@id\":\"https:\/\/izmirvartaaku.com\/#organization\"},\"potentialAction\":[{\"@type\":\"SearchAction\",\"target\":{\"@type\":\"EntryPoint\",\"urlTemplate\":\"https:\/\/izmirvartaaku.com\/?s={search_term_string}\"},\"query-input\":{\"@type\":\"PropertyValueSpecification\",\"valueRequired\":true,\"valueName\":\"search_term_string\"}}],\"inLanguage\":\"en-US\"},{\"@type\":\"Organization\",\"@id\":\"https:\/\/izmirvartaaku.com\/#organization\",\"name\":\"\u0130zmir Varta Ak\u00fc - Ak\u00fc Market - Ak\u00fc Yol Yard\u0131m - \u0130zmir\",\"url\":\"https:\/\/izmirvartaaku.com\/\",\"logo\":{\"@type\":\"ImageObject\",\"inLanguage\":\"en-US\",\"@id\":\"https:\/\/izmirvartaaku.com\/#\/schema\/logo\/image\/\",\"url\":\"https:\/\/izmirvartaaku.com\/wp-content\/uploads\/2026\/01\/izmir-varta-aku-logo.png\",\"contentUrl\":\"https:\/\/izmirvartaaku.com\/wp-content\/uploads\/2026\/01\/izmir-varta-aku-logo.png\",\"width\":200,\"height\":92,\"caption\":\"\u0130zmir Varta Ak\u00fc - Ak\u00fc Market - Ak\u00fc Yol Yard\u0131m - \u0130zmir\"},\"image\":{\"@id\":\"https:\/\/izmirvartaaku.com\/#\/schema\/logo\/image\/\"}}]}<\/script>\n<!-- \/ Yoast SEO plugin. -->","yoast_head_json":{"title":"\u0130nci Taurus 12V 50Ah 420A (EN) Bas\u0131k Kare Tip Ak\u00fc - \u0130zmir Varta Ak\u00fc - Ak\u00fc Market - Ak\u00fc Yol Yard\u0131m - \u0130zmir","description":"\u0130nci Taurus 12V 50Ah 420A (EN) Bas\u0131k Kare Tip Ak\u00fc - \u0130zmir Varta Ak\u00fc - Ak\u00fc Market - Ak\u00fc Yol Yard\u0131m - \u0130zmir","robots":{"index":"index","follow":"follow","max-snippet":"max-snippet:-1","max-image-preview":"max-image-preview:large","max-video-preview":"max-video-preview:-1"},"canonical":"https:\/\/izmirvartaaku.com\/en\/product\/inci-aku-50-agm\/","og_locale":"en_US","og_type":"article","og_title":"\u0130nci Taurus 12V 50Ah 420A (EN) Bas\u0131k Kare Tip Ak\u00fc - \u0130zmir Varta Ak\u00fc - Ak\u00fc Market - Ak\u00fc Yol Yard\u0131m - \u0130zmir","og_description":"\u0130nci Taurus 12V 50Ah 420A (EN) Bas\u0131k Kare Tip Ak\u00fc - \u0130zmir Varta Ak\u00fc - Ak\u00fc Market - Ak\u00fc Yol Yard\u0131m - \u0130zmir","og_url":"https:\/\/izmirvartaaku.com\/en\/product\/inci-aku-50-agm\/","og_site_name":"\u0130zmir Varta Ak\u00fc - Ak\u00fc Market - Ak\u00fc Yol Yard\u0131m - \u0130zmir","article_modified_time":"2026-02-19T08:57:29+00:00","og_image":[{"width":226,"height":339,"url":"https:\/\/izmirvartaaku.com\/wp-content\/uploads\/2026\/01\/INCI-50-2.webp","type":"image\/webp"}],"twitter_card":"summary_large_image","twitter_misc":{"Est. reading time":"3 minutes"},"schema":{"@context":"https:\/\/schema.org","@graph":[{"@type":"WebPage","@id":"https:\/\/izmirvartaaku.com\/urun\/inci-aku-50-agm\/","url":"https:\/\/izmirvartaaku.com\/urun\/inci-aku-50-agm\/","name":"\u0130nci Taurus 12V 50Ah 420A (EN) Bas\u0131k Kare Tip Ak\u00fc - \u0130zmir Varta Ak\u00fc - Ak\u00fc Market - Ak\u00fc Yol Yard\u0131m - \u0130zmir","isPartOf":{"@id":"https:\/\/izmirvartaaku.com\/#website"},"primaryImageOfPage":{"@id":"https:\/\/izmirvartaaku.com\/urun\/inci-aku-50-agm\/#primaryimage"},"image":{"@id":"https:\/\/izmirvartaaku.com\/urun\/inci-aku-50-agm\/#primaryimage"},"thumbnailUrl":"https:\/\/izmirvartaaku.com\/wp-content\/uploads\/2026\/01\/INCI-50-2.webp","datePublished":"2026-01-11T13:06:52+00:00","dateModified":"2026-02-19T08:57:29+00:00","description":"\u0130nci Taurus 12V 50Ah 420A (EN) Bas\u0131k Kare Tip Ak\u00fc - \u0130zmir Varta Ak\u00fc - Ak\u00fc Market - Ak\u00fc Yol Yard\u0131m - \u0130zmir","breadcrumb":{"@id":"https:\/\/izmirvartaaku.com\/urun\/inci-aku-50-agm\/#breadcrumb"},"inLanguage":"en-US","potentialAction":[{"@type":"ReadAction","target":["https:\/\/izmirvartaaku.com\/urun\/inci-aku-50-agm\/"]}]},{"@type":"ImageObject","inLanguage":"en-US","@id":"https:\/\/izmirvartaaku.com\/urun\/inci-aku-50-agm\/#primaryimage","url":"https:\/\/izmirvartaaku.com\/wp-content\/uploads\/2026\/01\/INCI-50-2.webp","contentUrl":"https:\/\/izmirvartaaku.com\/wp-content\/uploads\/2026\/01\/INCI-50-2.webp","width":226,"height":339},{"@type":"BreadcrumbList","@id":"https:\/\/izmirvartaaku.com\/urun\/inci-aku-50-agm\/#breadcrumb","itemListElement":[{"@type":"ListItem","position":1,"name":"Anasayfa","item":"https:\/\/izmirvartaaku.com\/"},{"@type":"ListItem","position":2,"name":"T\u00fcm \u00dcr\u00fcnler","item":"https:\/\/izmirvartaaku.com\/tum-urunler\/"},{"@type":"ListItem","position":3,"name":"\u0130nci Taurus 12V 50Ah 420A (EN) Bas\u0131k Kare Tip Ak\u00fc"}]},{"@type":"WebSite","@id":"https:\/\/izmirvartaaku.com\/#website","url":"https:\/\/izmirvartaaku.com\/","name":"\u0130zmir Varta Ak\u00fc - Ak\u00fc Market - Ak\u00fc Yol Yard\u0131m - \u0130zmir","description":"\u0130zmir Varta Ak\u00fc - Ak\u00fc Market - Ak\u00fc Yol Yard\u0131m -  \u0130zmir","publisher":{"@id":"https:\/\/izmirvartaaku.com\/#organization"},"potentialAction":[{"@type":"SearchAction","target":{"@type":"EntryPoint","urlTemplate":"https:\/\/izmirvartaaku.com\/?s={search_term_string}"},"query-input":{"@type":"PropertyValueSpecification","valueRequired":true,"valueName":"search_term_string"}}],"inLanguage":"en-US"},{"@type":"Organization","@id":"https:\/\/izmirvartaaku.com\/#organization","name":"\u0130zmir Varta Ak\u00fc - Ak\u00fc Market - Ak\u00fc Yol Yard\u0131m - \u0130zmir","url":"https:\/\/izmirvartaaku.com\/","logo":{"@type":"ImageObject","inLanguage":"en-US","@id":"https:\/\/izmirvartaaku.com\/#\/schema\/logo\/image\/","url":"https:\/\/izmirvartaaku.com\/wp-content\/uploads\/2026\/01\/izmir-varta-aku-logo.png","contentUrl":"https:\/\/izmirvartaaku.com\/wp-content\/uploads\/2026\/01\/izmir-varta-aku-logo.png","width":200,"height":92,"caption":"\u0130zmir Varta Ak\u00fc - Ak\u00fc Market - Ak\u00fc Yol Yard\u0131m - \u0130zmir"},"image":{"@id":"https:\/\/izmirvartaaku.com\/#\/schema\/logo\/image\/"}}]}},"_links":{"self":[{"href":"https:\/\/izmirvartaaku.com\/en\/wp-json\/wp\/v2\/product\/1116","targetHints":{"allow":["GET"]}}],"collection":[{"href":"https:\/\/izmirvartaaku.com\/en\/wp-json\/wp\/v2\/product"}],"about":[{"href":"https:\/\/izmirvartaaku.com\/en\/wp-json\/wp\/v2\/types\/product"}],"replies":[{"embeddable":true,"href":"https:\/\/izmirvartaaku.com\/en\/wp-json\/wp\/v2\/comments?post=1116"}],"wp:featuredmedia":[{"embeddable":true,"href":"https:\/\/izmirvartaaku.com\/en\/wp-json\/wp\/v2\/media\/1733"}],"wp:attachment":[{"href":"https:\/\/izmirvartaaku.com\/en\/wp-json\/wp\/v2\/media?parent=1116"}],"wp:term":[{"taxonomy":"product_brand","embeddable":true,"href":"https:\/\/izmirvartaaku.com\/en\/wp-json\/wp\/v2\/product_brand?post=1116"},{"taxonomy":"product_cat","embeddable":true,"href":"https:\/\/izmirvartaaku.com\/en\/wp-json\/wp\/v2\/product_cat?post=1116"},{"taxonomy":"product_tag","embeddable":true,"href":"https:\/\/izmirvartaaku.com\/en\/wp-json\/wp\/v2\/product_tag?post=1116"}],"curies":[{"name":"wp","href":"https:\/\/api.w.org\/{rel}","templated":true}]}}