{"id":1132,"date":"2026-01-11T13:06:59","date_gmt":"2026-01-11T13:06:59","guid":{"rendered":"https:\/\/izmirvartaaku.com\/?post_type=product&#038;p=1132"},"modified":"2026-02-13T06:39:57","modified_gmt":"2026-02-13T06:39:57","slug":"inci-aku-70-efb","status":"publish","type":"product","link":"https:\/\/izmirvartaaku.com\/en\/product\/inci-aku-70-efb\/","title":{"rendered":"\u0130nci Max Tigris EFB 12V 75Ah 750A (EN) Ak\u00fc"},"content":{"rendered":"<p>\u0130nci Max Tigris EFB 12V 75Ah 750A (EN) Ak\u00fc<br \/>\nSTART-STOP EFB MAX TIGRIS NED\u0130R?<\/p>\n<p>Y\u00fcksek elektriksel t\u00fcketim ihtiyac\u0131 olan yeni nesil EFB Start-Stop ara\u00e7lar i\u00e7in tasarland\u0131. Labirent yap\u0131ya sahip yeni Max-Cap\u00ae \u00f6zel s\u0131zd\u0131rmaz kapak tasar\u0131m\u0131 ile su kayb\u0131n\u0131 minimize ederek uzun \u00f6m\u00fcr sa\u011flar. \u00d6zel geli\u015ftirilmi\u015f pasta form\u00fcl\u00fc ile g\u00fc\u00e7lendirilmi\u015f y\u00fcksek kaliteli plakalar\u0131 sayesinde, yeni nesil \u00fcst segment Start-Stop ara\u00e7larda, yo\u011fun kentsel trafikte ekstra performans g\u00f6sterir.<\/p>\n<p>START-STOP TEKNOLOJ\u0130S\u0130 NED\u0130R?<\/p>\n<p>Start-Stop, yani dur-kalk sistemi, trafi\u011fin yo\u011fun oldu\u011fu zamanlarda ya da trafik \u0131\u015f\u0131klar\u0131nda arac\u0131n\u0131z hareket etmedi\u011fi zaman motoru otomatik olarak durdurup, s\u00fcr\u00fcc\u00fc debriyaja bast\u0131\u011f\u0131 anda ise tekrar \u00e7al\u0131\u015ft\u0131rarak, enerji kayb\u0131n\u0131 \u00f6nlemeye yard\u0131mc\u0131 bir sistemdir. Start-Stop sistemi, \u015fehir i\u00e7i trafikte yak\u0131t tasarrufu ve CO2 emisyonunda azalma gibi b\u00fcy\u00fck avantajlar sa\u011flayan bir teknolojidir.<br \/>\nStart-Stop EFB Pantera Nedir?<br \/>\nOtomobiller ve hafif ticari ara\u00e7lar i\u00e7in yeni nesil teknolojilerle geli\u015ftirilen Start-Stop EFB Pantera ara\u00e7 ak\u00fcs\u00fc y\u00fcksek performans arayanlar i\u00e7in en ideal se\u00e7eneklerden biridir. G\u00fc\u00e7lendirilmi\u015f premium kalitede plakalarla birlikte yenilenen pasta form\u00fcl\u00fc, ara\u00e7 ak\u00fcs\u00fcn\u00fcn performans\u0131n\u0131 \u00fcst d\u00fczeye ta\u015f\u0131yor. Start-Stop EFB Pantera, bak\u0131m gerektirmeden uzun ve sorunsuz bir kullan\u0131m \u00f6mr\u00fc sunuyor. Ekstra performans\u0131 sayesinde y\u00fcksek elektrik t\u00fcketiminin oldu\u011fu ara\u00e7larda dahi g\u00fcvenle kullan\u0131labiliyor.<br \/>\nStart-Stop Teknolojisi Nedir?<br \/>\nAra\u00e7 kullan\u0131m\u0131 s\u0131ras\u0131nda gerek yo\u011fun trafik gerekse trafik \u0131\u015f\u0131klar\u0131 gibi durumlarda s\u0131kl\u0131kla dur-kalk yap\u0131lmas\u0131 gerekir. Arac\u0131n hareket etmedi\u011fi zamanlarda motorun otomatik olarak durmas\u0131 ve debriyaja bas\u0131ld\u0131\u011f\u0131nda yeniden \u00e7al\u0131\u015fmas\u0131 s\u0131ras\u0131nda enerji kayb\u0131n\u0131 \u00f6nleyen sistem, \u2018start-stop\u2019 sistemidir. \u00d6zel olarak tasarlanan start stop ak\u00fc \u00e7e\u015fitleri y\u00fcksek d\u00fczeyde yak\u0131t tasarrufu sa\u011flar. \u015eehir i\u00e7i trafikte s\u0131kl\u0131kla dur-kalk yap\u0131lmas\u0131, start stop ak\u00fcleri daha cazip k\u0131lar. Yak\u0131t tasarrufunun yan\u0131 s\u0131ra CO2 emisyonunda azalma sa\u011flamas\u0131 da bu sistemle geli\u015ftirilen ak\u00fcleri tercih etmenin kazan\u0131mlar\u0131 aras\u0131nda yer al\u0131r.<br \/>\nStart-Stop EFB Pantera \u00d6zellikleri Neler?<br \/>\nYenilik\u00e7i bir anlay\u0131\u015fla tasarlanan otomobil ve hafif ticari ara\u00e7 ak\u00fcs\u00fc Start Stop EFB Pantera, \u00fcst\u00fcn teknik \u00f6zellikleriyle \u00f6n plana \u00e7\u0131k\u0131yor. Sadece ara\u00e7 kullan\u0131c\u0131lar\u0131n\u0131n de\u011fil ara\u00e7 \u00fcreticilerinin de \u00f6ncelikli se\u00e7imlerinden biri olan EFB Pantera ak\u00fc, \u00fcreticilerin t\u00fcm ihtiya\u00e7lar\u0131n\u0131 eksiksiz bir \u015fekilde kar\u015f\u0131l\u0131yor.<br \/>\nAvrupa standartlar\u0131na uygun olarak tasarlanan, \u00f6zel olarak geli\u015ftirilen pasta form\u00fcl\u00fc ile \u00fcst d\u00fczey bir performans sunan ak\u00fc modeli, patentli tam kapal\u0131 \u00f6zel kapak sistemine sahiptir. \u00d6zel labirent bu\u015fonlarla donat\u0131lan ve kutupba\u015f\u0131 koruma kapaklar\u0131 ile kullan\u0131m \u00f6mr\u00fc uzat\u0131lan start stop EFB Pantera ak\u00fc, kapak i\u00e7ine kazand\u0131r\u0131lan alev tutucularla da \u00f6n plana \u00e7\u0131k\u0131yor. \u015earj indikat\u00f6r\u00fcn\u00fcn de tasar\u0131ma kazand\u0131r\u0131ld\u0131\u011f\u0131 ak\u00fc modelinin \u00f6zel seperat\u00f6r sistemleri d\u00fc\u015f\u00fck i\u00e7 dirence, plaka \u00fczeri ise maksimum asit rezervine sahiptir. <\/p>","protected":false},"excerpt":{"rendered":"<p>\u0130nci Max Tigris EFB 12V 75Ah 750A (EN) Ak\u00fc START-STOP EFB MAX TIGRIS NED\u0130R? Y\u00fcksek elektriksel t\u00fcketim ihtiyac\u0131 olan yeni nesil EFB Start-Stop ara\u00e7lar i\u00e7in tasarland\u0131. Labirent yap\u0131ya sahip yeni Max-Cap\u00ae \u00f6zel s\u0131zd\u0131rmaz kapak tasar\u0131m\u0131 ile su kayb\u0131n\u0131 minimize ederek uzun \u00f6m\u00fcr sa\u011flar. \u00d6zel geli\u015ftirilmi\u015f pasta form\u00fcl\u00fc ile g\u00fc\u00e7lendirilmi\u015f y\u00fcksek kaliteli plakalar\u0131 sayesinde, yeni nesil [&hellip;]<\/p>\n","protected":false},"featured_media":1725,"comment_status":"open","ping_status":"closed","template":"","meta":[],"product_brand":[],"product_cat":[39],"product_tag":[35],"class_list":{"0":"post-1132","1":"product","2":"type-product","3":"status-publish","4":"has-post-thumbnail","6":"product_cat-inci-aku","7":"product_tag-en-cok-satanlar","9":"first","10":"instock","11":"sale","12":"shipping-taxable","13":"purchasable","14":"product-type-simple"},"yoast_head":"<!-- This site is optimized with the Yoast SEO plugin v27.2 - https:\/\/yoast.com\/product\/yoast-seo-wordpress\/ -->\n<title>\u0130nci Max Tigris EFB 12V 75Ah 750A (EN) Ak\u00fc - \u0130zmir Varta Ak\u00fc - Ak\u00fc Market - Ak\u00fc Yol Yard\u0131m - \u0130zmir<\/title>\n<meta name=\"description\" content=\"\u0130nci Max Tigris EFB 12V 75Ah 750A (EN) Ak\u00fc - \u0130zmir Varta Ak\u00fc - Ak\u00fc Market - Ak\u00fc Yol Yard\u0131m - \u0130zmir\" \/>\n<meta name=\"robots\" content=\"index, follow, max-snippet:-1, max-image-preview:large, max-video-preview:-1\" \/>\n<link rel=\"canonical\" href=\"https:\/\/izmirvartaaku.com\/en\/product\/inci-aku-70-efb\/\" \/>\n<meta property=\"og:locale\" content=\"en_US\" \/>\n<meta property=\"og:type\" content=\"article\" \/>\n<meta property=\"og:title\" content=\"\u0130nci Max Tigris EFB 12V 75Ah 750A (EN) Ak\u00fc - \u0130zmir Varta Ak\u00fc - Ak\u00fc Market - Ak\u00fc Yol Yard\u0131m - \u0130zmir\" \/>\n<meta property=\"og:description\" content=\"\u0130nci Max Tigris EFB 12V 75Ah 750A (EN) Ak\u00fc - \u0130zmir Varta Ak\u00fc - Ak\u00fc Market - Ak\u00fc Yol Yard\u0131m - \u0130zmir\" \/>\n<meta property=\"og:url\" content=\"https:\/\/izmirvartaaku.com\/en\/product\/inci-aku-70-efb\/\" \/>\n<meta property=\"og:site_name\" content=\"\u0130zmir Varta Ak\u00fc - Ak\u00fc Market - Ak\u00fc Yol Yard\u0131m - \u0130zmir\" \/>\n<meta property=\"article:modified_time\" content=\"2026-02-13T06:39:57+00:00\" \/>\n<meta property=\"og:image\" content=\"https:\/\/izmirvartaaku.com\/wp-content\/uploads\/2026\/01\/Inci-Efb-Max-Tigris-12-V-75-Ah-Start-Stop-Aku-OLCUSUZ.webp\" \/>\n\t<meta property=\"og:image:width\" content=\"592\" \/>\n\t<meta property=\"og:image:height\" content=\"592\" \/>\n\t<meta property=\"og:image:type\" content=\"image\/webp\" \/>\n<meta name=\"twitter:card\" content=\"summary_large_image\" \/>\n<meta name=\"twitter:label1\" content=\"Est. reading time\" \/>\n\t<meta name=\"twitter:data1\" content=\"3 minutes\" \/>\n<script type=\"application\/ld+json\" class=\"yoast-schema-graph\">{\"@context\":\"https:\/\/schema.org\",\"@graph\":[{\"@type\":\"WebPage\",\"@id\":\"https:\/\/izmirvartaaku.com\/urun\/inci-aku-70-efb\/\",\"url\":\"https:\/\/izmirvartaaku.com\/urun\/inci-aku-70-efb\/\",\"name\":\"\u0130nci Max Tigris EFB 12V 75Ah 750A (EN) Ak\u00fc - \u0130zmir Varta Ak\u00fc - Ak\u00fc Market - Ak\u00fc Yol Yard\u0131m - \u0130zmir\",\"isPartOf\":{\"@id\":\"https:\/\/izmirvartaaku.com\/#website\"},\"primaryImageOfPage\":{\"@id\":\"https:\/\/izmirvartaaku.com\/urun\/inci-aku-70-efb\/#primaryimage\"},\"image\":{\"@id\":\"https:\/\/izmirvartaaku.com\/urun\/inci-aku-70-efb\/#primaryimage\"},\"thumbnailUrl\":\"https:\/\/izmirvartaaku.com\/wp-content\/uploads\/2026\/01\/Inci-Efb-Max-Tigris-12-V-75-Ah-Start-Stop-Aku-OLCUSUZ.webp\",\"datePublished\":\"2026-01-11T13:06:59+00:00\",\"dateModified\":\"2026-02-13T06:39:57+00:00\",\"description\":\"\u0130nci Max Tigris EFB 12V 75Ah 750A (EN) Ak\u00fc - \u0130zmir Varta Ak\u00fc - Ak\u00fc Market - Ak\u00fc Yol Yard\u0131m - \u0130zmir\",\"breadcrumb\":{\"@id\":\"https:\/\/izmirvartaaku.com\/urun\/inci-aku-70-efb\/#breadcrumb\"},\"inLanguage\":\"en-US\",\"potentialAction\":[{\"@type\":\"ReadAction\",\"target\":[\"https:\/\/izmirvartaaku.com\/urun\/inci-aku-70-efb\/\"]}]},{\"@type\":\"ImageObject\",\"inLanguage\":\"en-US\",\"@id\":\"https:\/\/izmirvartaaku.com\/urun\/inci-aku-70-efb\/#primaryimage\",\"url\":\"https:\/\/izmirvartaaku.com\/wp-content\/uploads\/2026\/01\/Inci-Efb-Max-Tigris-12-V-75-Ah-Start-Stop-Aku-OLCUSUZ.webp\",\"contentUrl\":\"https:\/\/izmirvartaaku.com\/wp-content\/uploads\/2026\/01\/Inci-Efb-Max-Tigris-12-V-75-Ah-Start-Stop-Aku-OLCUSUZ.webp\",\"width\":592,\"height\":592},{\"@type\":\"BreadcrumbList\",\"@id\":\"https:\/\/izmirvartaaku.com\/urun\/inci-aku-70-efb\/#breadcrumb\",\"itemListElement\":[{\"@type\":\"ListItem\",\"position\":1,\"name\":\"Anasayfa\",\"item\":\"https:\/\/izmirvartaaku.com\/\"},{\"@type\":\"ListItem\",\"position\":2,\"name\":\"T\u00fcm \u00dcr\u00fcnler\",\"item\":\"https:\/\/izmirvartaaku.com\/tum-urunler\/\"},{\"@type\":\"ListItem\",\"position\":3,\"name\":\"\u0130nci Max Tigris EFB 12V 75Ah 750A (EN) Ak\u00fc\"}]},{\"@type\":\"WebSite\",\"@id\":\"https:\/\/izmirvartaaku.com\/#website\",\"url\":\"https:\/\/izmirvartaaku.com\/\",\"name\":\"\u0130zmir Varta Ak\u00fc - Ak\u00fc Market - Ak\u00fc Yol Yard\u0131m - \u0130zmir\",\"description\":\"\u0130zmir Varta Ak\u00fc - Ak\u00fc Market - Ak\u00fc Yol Yard\u0131m -  \u0130zmir\",\"publisher\":{\"@id\":\"https:\/\/izmirvartaaku.com\/#organization\"},\"potentialAction\":[{\"@type\":\"SearchAction\",\"target\":{\"@type\":\"EntryPoint\",\"urlTemplate\":\"https:\/\/izmirvartaaku.com\/?s={search_term_string}\"},\"query-input\":{\"@type\":\"PropertyValueSpecification\",\"valueRequired\":true,\"valueName\":\"search_term_string\"}}],\"inLanguage\":\"en-US\"},{\"@type\":\"Organization\",\"@id\":\"https:\/\/izmirvartaaku.com\/#organization\",\"name\":\"\u0130zmir Varta Ak\u00fc - Ak\u00fc Market - Ak\u00fc Yol Yard\u0131m - \u0130zmir\",\"url\":\"https:\/\/izmirvartaaku.com\/\",\"logo\":{\"@type\":\"ImageObject\",\"inLanguage\":\"en-US\",\"@id\":\"https:\/\/izmirvartaaku.com\/#\/schema\/logo\/image\/\",\"url\":\"https:\/\/izmirvartaaku.com\/wp-content\/uploads\/2026\/01\/izmir-varta-aku-logo.png\",\"contentUrl\":\"https:\/\/izmirvartaaku.com\/wp-content\/uploads\/2026\/01\/izmir-varta-aku-logo.png\",\"width\":200,\"height\":92,\"caption\":\"\u0130zmir Varta Ak\u00fc - Ak\u00fc Market - Ak\u00fc Yol Yard\u0131m - \u0130zmir\"},\"image\":{\"@id\":\"https:\/\/izmirvartaaku.com\/#\/schema\/logo\/image\/\"}}]}<\/script>\n<!-- \/ Yoast SEO plugin. -->","yoast_head_json":{"title":"\u0130nci Max Tigris EFB 12V 75Ah 750A (EN) Ak\u00fc - \u0130zmir Varta Ak\u00fc - Ak\u00fc Market - Ak\u00fc Yol Yard\u0131m - \u0130zmir","description":"\u0130nci Max Tigris EFB 12V 75Ah 750A (EN) Ak\u00fc - \u0130zmir Varta Ak\u00fc - Ak\u00fc Market - Ak\u00fc Yol Yard\u0131m - \u0130zmir","robots":{"index":"index","follow":"follow","max-snippet":"max-snippet:-1","max-image-preview":"max-image-preview:large","max-video-preview":"max-video-preview:-1"},"canonical":"https:\/\/izmirvartaaku.com\/en\/product\/inci-aku-70-efb\/","og_locale":"en_US","og_type":"article","og_title":"\u0130nci Max Tigris EFB 12V 75Ah 750A (EN) Ak\u00fc - \u0130zmir Varta Ak\u00fc - Ak\u00fc Market - Ak\u00fc Yol Yard\u0131m - \u0130zmir","og_description":"\u0130nci Max Tigris EFB 12V 75Ah 750A (EN) Ak\u00fc - \u0130zmir Varta Ak\u00fc - Ak\u00fc Market - Ak\u00fc Yol Yard\u0131m - \u0130zmir","og_url":"https:\/\/izmirvartaaku.com\/en\/product\/inci-aku-70-efb\/","og_site_name":"\u0130zmir Varta Ak\u00fc - Ak\u00fc Market - Ak\u00fc Yol Yard\u0131m - \u0130zmir","article_modified_time":"2026-02-13T06:39:57+00:00","og_image":[{"width":592,"height":592,"url":"https:\/\/izmirvartaaku.com\/wp-content\/uploads\/2026\/01\/Inci-Efb-Max-Tigris-12-V-75-Ah-Start-Stop-Aku-OLCUSUZ.webp","type":"image\/webp"}],"twitter_card":"summary_large_image","twitter_misc":{"Est. reading time":"3 minutes"},"schema":{"@context":"https:\/\/schema.org","@graph":[{"@type":"WebPage","@id":"https:\/\/izmirvartaaku.com\/urun\/inci-aku-70-efb\/","url":"https:\/\/izmirvartaaku.com\/urun\/inci-aku-70-efb\/","name":"\u0130nci Max Tigris EFB 12V 75Ah 750A (EN) Ak\u00fc - \u0130zmir Varta Ak\u00fc - Ak\u00fc Market - Ak\u00fc Yol Yard\u0131m - \u0130zmir","isPartOf":{"@id":"https:\/\/izmirvartaaku.com\/#website"},"primaryImageOfPage":{"@id":"https:\/\/izmirvartaaku.com\/urun\/inci-aku-70-efb\/#primaryimage"},"image":{"@id":"https:\/\/izmirvartaaku.com\/urun\/inci-aku-70-efb\/#primaryimage"},"thumbnailUrl":"https:\/\/izmirvartaaku.com\/wp-content\/uploads\/2026\/01\/Inci-Efb-Max-Tigris-12-V-75-Ah-Start-Stop-Aku-OLCUSUZ.webp","datePublished":"2026-01-11T13:06:59+00:00","dateModified":"2026-02-13T06:39:57+00:00","description":"\u0130nci Max Tigris EFB 12V 75Ah 750A (EN) Ak\u00fc - \u0130zmir Varta Ak\u00fc - Ak\u00fc Market - Ak\u00fc Yol Yard\u0131m - \u0130zmir","breadcrumb":{"@id":"https:\/\/izmirvartaaku.com\/urun\/inci-aku-70-efb\/#breadcrumb"},"inLanguage":"en-US","potentialAction":[{"@type":"ReadAction","target":["https:\/\/izmirvartaaku.com\/urun\/inci-aku-70-efb\/"]}]},{"@type":"ImageObject","inLanguage":"en-US","@id":"https:\/\/izmirvartaaku.com\/urun\/inci-aku-70-efb\/#primaryimage","url":"https:\/\/izmirvartaaku.com\/wp-content\/uploads\/2026\/01\/Inci-Efb-Max-Tigris-12-V-75-Ah-Start-Stop-Aku-OLCUSUZ.webp","contentUrl":"https:\/\/izmirvartaaku.com\/wp-content\/uploads\/2026\/01\/Inci-Efb-Max-Tigris-12-V-75-Ah-Start-Stop-Aku-OLCUSUZ.webp","width":592,"height":592},{"@type":"BreadcrumbList","@id":"https:\/\/izmirvartaaku.com\/urun\/inci-aku-70-efb\/#breadcrumb","itemListElement":[{"@type":"ListItem","position":1,"name":"Anasayfa","item":"https:\/\/izmirvartaaku.com\/"},{"@type":"ListItem","position":2,"name":"T\u00fcm \u00dcr\u00fcnler","item":"https:\/\/izmirvartaaku.com\/tum-urunler\/"},{"@type":"ListItem","position":3,"name":"\u0130nci Max Tigris EFB 12V 75Ah 750A (EN) Ak\u00fc"}]},{"@type":"WebSite","@id":"https:\/\/izmirvartaaku.com\/#website","url":"https:\/\/izmirvartaaku.com\/","name":"\u0130zmir Varta Ak\u00fc - Ak\u00fc Market - Ak\u00fc Yol Yard\u0131m - \u0130zmir","description":"\u0130zmir Varta Ak\u00fc - Ak\u00fc Market - Ak\u00fc Yol Yard\u0131m -  \u0130zmir","publisher":{"@id":"https:\/\/izmirvartaaku.com\/#organization"},"potentialAction":[{"@type":"SearchAction","target":{"@type":"EntryPoint","urlTemplate":"https:\/\/izmirvartaaku.com\/?s={search_term_string}"},"query-input":{"@type":"PropertyValueSpecification","valueRequired":true,"valueName":"search_term_string"}}],"inLanguage":"en-US"},{"@type":"Organization","@id":"https:\/\/izmirvartaaku.com\/#organization","name":"\u0130zmir Varta Ak\u00fc - Ak\u00fc Market - Ak\u00fc Yol Yard\u0131m - \u0130zmir","url":"https:\/\/izmirvartaaku.com\/","logo":{"@type":"ImageObject","inLanguage":"en-US","@id":"https:\/\/izmirvartaaku.com\/#\/schema\/logo\/image\/","url":"https:\/\/izmirvartaaku.com\/wp-content\/uploads\/2026\/01\/izmir-varta-aku-logo.png","contentUrl":"https:\/\/izmirvartaaku.com\/wp-content\/uploads\/2026\/01\/izmir-varta-aku-logo.png","width":200,"height":92,"caption":"\u0130zmir Varta Ak\u00fc - Ak\u00fc Market - Ak\u00fc Yol Yard\u0131m - \u0130zmir"},"image":{"@id":"https:\/\/izmirvartaaku.com\/#\/schema\/logo\/image\/"}}]}},"_links":{"self":[{"href":"https:\/\/izmirvartaaku.com\/en\/wp-json\/wp\/v2\/product\/1132","targetHints":{"allow":["GET"]}}],"collection":[{"href":"https:\/\/izmirvartaaku.com\/en\/wp-json\/wp\/v2\/product"}],"about":[{"href":"https:\/\/izmirvartaaku.com\/en\/wp-json\/wp\/v2\/types\/product"}],"replies":[{"embeddable":true,"href":"https:\/\/izmirvartaaku.com\/en\/wp-json\/wp\/v2\/comments?post=1132"}],"wp:featuredmedia":[{"embeddable":true,"href":"https:\/\/izmirvartaaku.com\/en\/wp-json\/wp\/v2\/media\/1725"}],"wp:attachment":[{"href":"https:\/\/izmirvartaaku.com\/en\/wp-json\/wp\/v2\/media?parent=1132"}],"wp:term":[{"taxonomy":"product_brand","embeddable":true,"href":"https:\/\/izmirvartaaku.com\/en\/wp-json\/wp\/v2\/product_brand?post=1132"},{"taxonomy":"product_cat","embeddable":true,"href":"https:\/\/izmirvartaaku.com\/en\/wp-json\/wp\/v2\/product_cat?post=1132"},{"taxonomy":"product_tag","embeddable":true,"href":"https:\/\/izmirvartaaku.com\/en\/wp-json\/wp\/v2\/product_tag?post=1132"}],"curies":[{"name":"wp","href":"https:\/\/api.w.org\/{rel}","templated":true}]}}