{"id":1138,"date":"2026-01-11T13:07:00","date_gmt":"2026-01-11T13:07:00","guid":{"rendered":"https:\/\/izmirvartaaku.com\/?post_type=product&#038;p=1138"},"modified":"2026-02-13T06:16:32","modified_gmt":"2026-02-13T06:16:32","slug":"varta-dynamic-agm-a7-12v-70ah-760a-en-aku","status":"publish","type":"product","link":"https:\/\/izmirvartaaku.com\/en\/product\/varta-dynamic-agm-a7-12v-70ah-760a-en-aku\/","title":{"rendered":"Varta Dynamic AGM A7 \/ E39 12V 70Ah 760A (EN) Ak\u00fc"},"content":{"rendered":"<p>Varta Dynamic AGM A7 \/ E39 12V 70Ah 760A (EN) Ak\u00fc<\/p>\n<li><strong>Clarios<\/strong><strong><sup>\u00ae<\/sup><\/strong><strong>&#8211; VARTA<\/strong><strong><sup>\u00ae\u00a0<\/sup><\/strong><strong>&#8216;n\u0131n<\/strong><strong><sup>\u00a0<\/sup><\/strong><strong>arkas\u0131ndaki global pazar lideridir.<\/strong><\/li>\n<li>VARTA<sup>\u00ae<\/sup>Automotive, g\u00fcc\u00fcn\u00fc ula\u015f\u0131m\u0131n gelece\u011fi i\u00e7in gerekli olan geli\u015fmi\u015f, d\u00fc\u015f\u00fck voltajl\u0131 ak\u00fc teknolojilerinde d\u00fcnya lideri olan Clarios&#8217;dan almaktad\u0131r. 100&#8217;den fazla \u00fclkede 18.000 \u00e7al\u0131\u015fan\u0131yla Clarios, yedek par\u00e7a ve OEM ortaklar\u0131na derin uzmanl\u0131k, g\u00fcnl\u00fck ya\u015famlara ise g\u00fcvenilirlik, g\u00fcvenlik ve konfor getiriyor. \u015eirket, d\u00f6ng\u00fcsel ekonominin d\u00fcnyadaki en ba\u015far\u0131l\u0131 \u00f6rneklerinden birini temsil etmektedir. Vizyonumuz, ara\u00e7 ak\u00fclerinin y\u00fczde 100&#8217;\u00fcn\u00fcn \u00e7evre sorumlulu\u011fu bilinciyle geri d\u00f6n\u00fc\u015ft\u00fcr\u00fcld\u00fc\u011f\u00fc ve yeni nesil ara\u00e7lara g\u00fc\u00e7 sa\u011flamak i\u00e7in kullan\u0131ld\u0131\u011f\u0131 bir d\u00fcnyad\u0131r.<\/li>\n<\/ul>\n<p><strong>VARTA<\/strong><strong><em><sup>\u00ae<\/sup><\/em><\/strong><strong>\u00a0portf\u00f6y\u00fc kapsaml\u0131 ve s\u0131n\u0131f\u0131n\u0131n en iyisidir.<\/strong><\/p>\n<ul>\n<li>En y\u00fcksek kaliteye sahip premium \u00fcr\u00fcn ve ara\u00e7 \u00fcreticileri aras\u0131nda 1 numara.<\/li>\n<li>Start-stop teknolojisine sahip her 10 otomobilden 7&#8217;sinde VARTA<sup>\u00ae<\/sup><em>\u00a0<\/em>ak\u00fc bulunmaktadir.<\/li>\n<li>Premium kategorisinde lider<\/li>\n<li>Avrupa&#8217;daki ara\u00e7 servisleri ve ustalar aras\u0131ndaki en pop\u00fcler markad\u0131r.<\/li>\n<\/ul>\n<p>&nbsp;<\/p>\n<p>VARTA<sup>\u00ae<\/sup>\u00a0Automotive inovasyon standartlar\u0131n\u0131 belirlemeye devam ediyor. Patentli PowerFrame<sup>\u00ae<\/sup>\u00a0\u0131zgaras\u0131 ile AGM\u00a0teknolojisi\u00a0start-stop sistemleri ara\u00e7lara yak\u0131t\u00a0tasarrufu ve y\u00fcksek performans saglar.<\/p>\n<p>VARTA<sup>\u00ae<\/sup>\u00a012V ak\u00fc, elektrikli ara\u00e7lar\u0131, \u00e7al\u0131\u015ft\u0131rma, t\u00fcm kontak kapatma i\u015flevleri, fren g\u00fc\u00e7lendirici, hidrolik direksiyon ve \u00f6n cam silecekleri gibi t\u00fcm g\u00fcvenlik i\u015flevlerine g\u00fc\u00e7 sa\u011flamak i\u00e7in gereken enerjiyi g\u00fcvenilir bir \u015fekilde sa\u011flar.<\/p>\n<p><strong>Gelece\u011fe y\u00f6nelik s\u00fcrd\u00fcr\u00fclebilir bir yakla\u015f\u0131m.<\/strong><\/p>\n<p>Clarios<sup>\u00ae<\/sup>\u00a0kendi b\u00fcnyesinde kapal\u0131 bir geri d\u00f6n\u00fc\u015f\u00fcm d\u00f6ng\u00fcs\u00fc sa\u011flayan bir toplama sistemi geli\u015ftirmi\u015ftir. Avrupa&#8217;daki ara\u00e7lardan elde kur\u015fun ak\u00fclerin %100&#8217;\u00fc toplanmakta ve geri d\u00f6n\u00fc\u015ft\u00fcr\u00fclmektedir. T\u00fcm \u00fcretim s\u00fcreci m\u00fcmk\u00fcn oldu\u011funca \u00e7evre dostu olacak \u015fekilde tasarlanm\u0131\u015ft\u0131r.<\/p>\n<p><strong>\u00c7evre y\u00f6netimimiz ISO 14001 sertifikas\u0131na sahiptir.<\/strong><\/p>","protected":false},"excerpt":{"rendered":"<p>Varta Dynamic AGM A7 \/ E39 12V 70Ah 760A (EN) Ak\u00fc Clarios\u00ae&#8211; VARTA\u00ae\u00a0&#8216;n\u0131n\u00a0arkas\u0131ndaki global pazar lideridir. VARTA\u00aeAutomotive, g\u00fcc\u00fcn\u00fc ula\u015f\u0131m\u0131n gelece\u011fi i\u00e7in gerekli olan geli\u015fmi\u015f, d\u00fc\u015f\u00fck voltajl\u0131 ak\u00fc teknolojilerinde d\u00fcnya lideri olan Clarios&#8217;dan almaktad\u0131r. 100&#8217;den fazla \u00fclkede 18.000 \u00e7al\u0131\u015fan\u0131yla Clarios, yedek par\u00e7a ve OEM ortaklar\u0131na derin uzmanl\u0131k, g\u00fcnl\u00fck ya\u015famlara ise g\u00fcvenilirlik, g\u00fcvenlik ve konfor getiriyor. \u015eirket, [&hellip;]<\/p>\n","protected":false},"featured_media":1354,"comment_status":"open","ping_status":"closed","template":"","meta":[],"product_brand":[],"product_cat":[38,92],"product_tag":[35],"class_list":{"0":"post-1138","1":"product","2":"type-product","3":"status-publish","4":"has-post-thumbnail","6":"product_cat-varta-aku","7":"product_cat-varta-binek-arac-akuleri","8":"product_tag-en-cok-satanlar","10":"first","11":"instock","12":"sale","13":"shipping-taxable","14":"purchasable","15":"product-type-simple"},"yoast_head":"<!-- This site is optimized with the Yoast SEO plugin v27.2 - https:\/\/yoast.com\/product\/yoast-seo-wordpress\/ -->\n<title>Varta Dynamic AGM A7 \/ E39 12V 70Ah 760A (EN) Ak\u00fc - \u0130zmir Varta Ak\u00fc - Ak\u00fc Market - Ak\u00fc Yol Yard\u0131m - \u0130zmir<\/title>\n<meta name=\"description\" content=\"Varta Dynamic AGM A7 \/ E39 12V 70Ah 760A (EN) Ak\u00fc - \u0130zmir Varta Ak\u00fc - Ak\u00fc Market - Ak\u00fc Yol Yard\u0131m - \u0130zmir\" \/>\n<meta name=\"robots\" content=\"index, follow, max-snippet:-1, max-image-preview:large, max-video-preview:-1\" \/>\n<link rel=\"canonical\" href=\"https:\/\/izmirvartaaku.com\/en\/product\/varta-dynamic-agm-a7-12v-70ah-760a-en-aku\/\" \/>\n<meta property=\"og:locale\" content=\"en_US\" \/>\n<meta property=\"og:type\" content=\"article\" \/>\n<meta property=\"og:title\" content=\"Varta Dynamic AGM A7 \/ E39 12V 70Ah 760A (EN) Ak\u00fc - \u0130zmir Varta Ak\u00fc - Ak\u00fc Market - Ak\u00fc Yol Yard\u0131m - \u0130zmir\" \/>\n<meta property=\"og:description\" content=\"Varta Dynamic AGM A7 \/ E39 12V 70Ah 760A (EN) Ak\u00fc - \u0130zmir Varta Ak\u00fc - Ak\u00fc Market - Ak\u00fc Yol Yard\u0131m - \u0130zmir\" \/>\n<meta property=\"og:url\" content=\"https:\/\/izmirvartaaku.com\/en\/product\/varta-dynamic-agm-a7-12v-70ah-760a-en-aku\/\" \/>\n<meta property=\"og:site_name\" content=\"\u0130zmir Varta Ak\u00fc - Ak\u00fc Market - Ak\u00fc Yol Yard\u0131m - \u0130zmir\" \/>\n<meta property=\"article:modified_time\" content=\"2026-02-13T06:16:32+00:00\" \/>\n<meta property=\"og:image\" content=\"https:\/\/izmirvartaaku.com\/wp-content\/uploads\/2026\/01\/VARTA-70-AGM-YENI-URUN-FOTO.png\" \/>\n\t<meta property=\"og:image:width\" content=\"500\" \/>\n\t<meta property=\"og:image:height\" content=\"500\" \/>\n\t<meta property=\"og:image:type\" content=\"image\/png\" \/>\n<meta name=\"twitter:card\" content=\"summary_large_image\" \/>\n<meta name=\"twitter:label1\" content=\"Est. reading time\" \/>\n\t<meta name=\"twitter:data1\" content=\"2 minutes\" \/>\n<script type=\"application\/ld+json\" class=\"yoast-schema-graph\">{\"@context\":\"https:\/\/schema.org\",\"@graph\":[{\"@type\":\"WebPage\",\"@id\":\"https:\/\/izmirvartaaku.com\/urun\/varta-dynamic-agm-a7-12v-70ah-760a-en-aku\/\",\"url\":\"https:\/\/izmirvartaaku.com\/urun\/varta-dynamic-agm-a7-12v-70ah-760a-en-aku\/\",\"name\":\"Varta Dynamic AGM A7 \/ E39 12V 70Ah 760A (EN) Ak\u00fc - \u0130zmir Varta Ak\u00fc - Ak\u00fc Market - Ak\u00fc Yol Yard\u0131m - \u0130zmir\",\"isPartOf\":{\"@id\":\"https:\/\/izmirvartaaku.com\/#website\"},\"primaryImageOfPage\":{\"@id\":\"https:\/\/izmirvartaaku.com\/urun\/varta-dynamic-agm-a7-12v-70ah-760a-en-aku\/#primaryimage\"},\"image\":{\"@id\":\"https:\/\/izmirvartaaku.com\/urun\/varta-dynamic-agm-a7-12v-70ah-760a-en-aku\/#primaryimage\"},\"thumbnailUrl\":\"https:\/\/izmirvartaaku.com\/wp-content\/uploads\/2026\/01\/VARTA-70-AGM-YENI-URUN-FOTO.png\",\"datePublished\":\"2026-01-11T13:07:00+00:00\",\"dateModified\":\"2026-02-13T06:16:32+00:00\",\"description\":\"Varta Dynamic AGM A7 \/ E39 12V 70Ah 760A (EN) Ak\u00fc - \u0130zmir Varta Ak\u00fc - Ak\u00fc Market - Ak\u00fc Yol Yard\u0131m - \u0130zmir\",\"breadcrumb\":{\"@id\":\"https:\/\/izmirvartaaku.com\/urun\/varta-dynamic-agm-a7-12v-70ah-760a-en-aku\/#breadcrumb\"},\"inLanguage\":\"en-US\",\"potentialAction\":[{\"@type\":\"ReadAction\",\"target\":[\"https:\/\/izmirvartaaku.com\/urun\/varta-dynamic-agm-a7-12v-70ah-760a-en-aku\/\"]}]},{\"@type\":\"ImageObject\",\"inLanguage\":\"en-US\",\"@id\":\"https:\/\/izmirvartaaku.com\/urun\/varta-dynamic-agm-a7-12v-70ah-760a-en-aku\/#primaryimage\",\"url\":\"https:\/\/izmirvartaaku.com\/wp-content\/uploads\/2026\/01\/VARTA-70-AGM-YENI-URUN-FOTO.png\",\"contentUrl\":\"https:\/\/izmirvartaaku.com\/wp-content\/uploads\/2026\/01\/VARTA-70-AGM-YENI-URUN-FOTO.png\",\"width\":500,\"height\":500},{\"@type\":\"BreadcrumbList\",\"@id\":\"https:\/\/izmirvartaaku.com\/urun\/varta-dynamic-agm-a7-12v-70ah-760a-en-aku\/#breadcrumb\",\"itemListElement\":[{\"@type\":\"ListItem\",\"position\":1,\"name\":\"Anasayfa\",\"item\":\"https:\/\/izmirvartaaku.com\/\"},{\"@type\":\"ListItem\",\"position\":2,\"name\":\"T\u00fcm \u00dcr\u00fcnler\",\"item\":\"https:\/\/izmirvartaaku.com\/tum-urunler\/\"},{\"@type\":\"ListItem\",\"position\":3,\"name\":\"Varta Dynamic AGM A7 \/ E39 12V 70Ah 760A (EN) Ak\u00fc\"}]},{\"@type\":\"WebSite\",\"@id\":\"https:\/\/izmirvartaaku.com\/#website\",\"url\":\"https:\/\/izmirvartaaku.com\/\",\"name\":\"\u0130zmir Varta Ak\u00fc - Ak\u00fc Market - Ak\u00fc Yol Yard\u0131m - \u0130zmir\",\"description\":\"\u0130zmir Varta Ak\u00fc - Ak\u00fc Market - Ak\u00fc Yol Yard\u0131m -  \u0130zmir\",\"publisher\":{\"@id\":\"https:\/\/izmirvartaaku.com\/#organization\"},\"potentialAction\":[{\"@type\":\"SearchAction\",\"target\":{\"@type\":\"EntryPoint\",\"urlTemplate\":\"https:\/\/izmirvartaaku.com\/?s={search_term_string}\"},\"query-input\":{\"@type\":\"PropertyValueSpecification\",\"valueRequired\":true,\"valueName\":\"search_term_string\"}}],\"inLanguage\":\"en-US\"},{\"@type\":\"Organization\",\"@id\":\"https:\/\/izmirvartaaku.com\/#organization\",\"name\":\"\u0130zmir Varta Ak\u00fc - Ak\u00fc Market - Ak\u00fc Yol Yard\u0131m - \u0130zmir\",\"url\":\"https:\/\/izmirvartaaku.com\/\",\"logo\":{\"@type\":\"ImageObject\",\"inLanguage\":\"en-US\",\"@id\":\"https:\/\/izmirvartaaku.com\/#\/schema\/logo\/image\/\",\"url\":\"https:\/\/izmirvartaaku.com\/wp-content\/uploads\/2026\/01\/izmir-varta-aku-logo.png\",\"contentUrl\":\"https:\/\/izmirvartaaku.com\/wp-content\/uploads\/2026\/01\/izmir-varta-aku-logo.png\",\"width\":200,\"height\":92,\"caption\":\"\u0130zmir Varta Ak\u00fc - Ak\u00fc Market - Ak\u00fc Yol Yard\u0131m - \u0130zmir\"},\"image\":{\"@id\":\"https:\/\/izmirvartaaku.com\/#\/schema\/logo\/image\/\"}}]}<\/script>\n<!-- \/ Yoast SEO plugin. -->","yoast_head_json":{"title":"Varta Dynamic AGM A7 \/ E39 12V 70Ah 760A (EN) Ak\u00fc - \u0130zmir Varta Ak\u00fc - Ak\u00fc Market - Ak\u00fc Yol Yard\u0131m - \u0130zmir","description":"Varta Dynamic AGM A7 \/ E39 12V 70Ah 760A (EN) Ak\u00fc - \u0130zmir Varta Ak\u00fc - Ak\u00fc Market - Ak\u00fc Yol Yard\u0131m - \u0130zmir","robots":{"index":"index","follow":"follow","max-snippet":"max-snippet:-1","max-image-preview":"max-image-preview:large","max-video-preview":"max-video-preview:-1"},"canonical":"https:\/\/izmirvartaaku.com\/en\/product\/varta-dynamic-agm-a7-12v-70ah-760a-en-aku\/","og_locale":"en_US","og_type":"article","og_title":"Varta Dynamic AGM A7 \/ E39 12V 70Ah 760A (EN) Ak\u00fc - \u0130zmir Varta Ak\u00fc - Ak\u00fc Market - Ak\u00fc Yol Yard\u0131m - \u0130zmir","og_description":"Varta Dynamic AGM A7 \/ E39 12V 70Ah 760A (EN) Ak\u00fc - \u0130zmir Varta Ak\u00fc - Ak\u00fc Market - Ak\u00fc Yol Yard\u0131m - \u0130zmir","og_url":"https:\/\/izmirvartaaku.com\/en\/product\/varta-dynamic-agm-a7-12v-70ah-760a-en-aku\/","og_site_name":"\u0130zmir Varta Ak\u00fc - Ak\u00fc Market - Ak\u00fc Yol Yard\u0131m - \u0130zmir","article_modified_time":"2026-02-13T06:16:32+00:00","og_image":[{"width":500,"height":500,"url":"https:\/\/izmirvartaaku.com\/wp-content\/uploads\/2026\/01\/VARTA-70-AGM-YENI-URUN-FOTO.png","type":"image\/png"}],"twitter_card":"summary_large_image","twitter_misc":{"Est. reading time":"2 minutes"},"schema":{"@context":"https:\/\/schema.org","@graph":[{"@type":"WebPage","@id":"https:\/\/izmirvartaaku.com\/urun\/varta-dynamic-agm-a7-12v-70ah-760a-en-aku\/","url":"https:\/\/izmirvartaaku.com\/urun\/varta-dynamic-agm-a7-12v-70ah-760a-en-aku\/","name":"Varta Dynamic AGM A7 \/ E39 12V 70Ah 760A (EN) Ak\u00fc - \u0130zmir Varta Ak\u00fc - Ak\u00fc Market - Ak\u00fc Yol Yard\u0131m - \u0130zmir","isPartOf":{"@id":"https:\/\/izmirvartaaku.com\/#website"},"primaryImageOfPage":{"@id":"https:\/\/izmirvartaaku.com\/urun\/varta-dynamic-agm-a7-12v-70ah-760a-en-aku\/#primaryimage"},"image":{"@id":"https:\/\/izmirvartaaku.com\/urun\/varta-dynamic-agm-a7-12v-70ah-760a-en-aku\/#primaryimage"},"thumbnailUrl":"https:\/\/izmirvartaaku.com\/wp-content\/uploads\/2026\/01\/VARTA-70-AGM-YENI-URUN-FOTO.png","datePublished":"2026-01-11T13:07:00+00:00","dateModified":"2026-02-13T06:16:32+00:00","description":"Varta Dynamic AGM A7 \/ E39 12V 70Ah 760A (EN) Ak\u00fc - \u0130zmir Varta Ak\u00fc - Ak\u00fc Market - Ak\u00fc Yol Yard\u0131m - \u0130zmir","breadcrumb":{"@id":"https:\/\/izmirvartaaku.com\/urun\/varta-dynamic-agm-a7-12v-70ah-760a-en-aku\/#breadcrumb"},"inLanguage":"en-US","potentialAction":[{"@type":"ReadAction","target":["https:\/\/izmirvartaaku.com\/urun\/varta-dynamic-agm-a7-12v-70ah-760a-en-aku\/"]}]},{"@type":"ImageObject","inLanguage":"en-US","@id":"https:\/\/izmirvartaaku.com\/urun\/varta-dynamic-agm-a7-12v-70ah-760a-en-aku\/#primaryimage","url":"https:\/\/izmirvartaaku.com\/wp-content\/uploads\/2026\/01\/VARTA-70-AGM-YENI-URUN-FOTO.png","contentUrl":"https:\/\/izmirvartaaku.com\/wp-content\/uploads\/2026\/01\/VARTA-70-AGM-YENI-URUN-FOTO.png","width":500,"height":500},{"@type":"BreadcrumbList","@id":"https:\/\/izmirvartaaku.com\/urun\/varta-dynamic-agm-a7-12v-70ah-760a-en-aku\/#breadcrumb","itemListElement":[{"@type":"ListItem","position":1,"name":"Anasayfa","item":"https:\/\/izmirvartaaku.com\/"},{"@type":"ListItem","position":2,"name":"T\u00fcm \u00dcr\u00fcnler","item":"https:\/\/izmirvartaaku.com\/tum-urunler\/"},{"@type":"ListItem","position":3,"name":"Varta Dynamic AGM A7 \/ E39 12V 70Ah 760A (EN) Ak\u00fc"}]},{"@type":"WebSite","@id":"https:\/\/izmirvartaaku.com\/#website","url":"https:\/\/izmirvartaaku.com\/","name":"\u0130zmir Varta Ak\u00fc - Ak\u00fc Market - Ak\u00fc Yol Yard\u0131m - \u0130zmir","description":"\u0130zmir Varta Ak\u00fc - Ak\u00fc Market - Ak\u00fc Yol Yard\u0131m -  \u0130zmir","publisher":{"@id":"https:\/\/izmirvartaaku.com\/#organization"},"potentialAction":[{"@type":"SearchAction","target":{"@type":"EntryPoint","urlTemplate":"https:\/\/izmirvartaaku.com\/?s={search_term_string}"},"query-input":{"@type":"PropertyValueSpecification","valueRequired":true,"valueName":"search_term_string"}}],"inLanguage":"en-US"},{"@type":"Organization","@id":"https:\/\/izmirvartaaku.com\/#organization","name":"\u0130zmir Varta Ak\u00fc - Ak\u00fc Market - Ak\u00fc Yol Yard\u0131m - \u0130zmir","url":"https:\/\/izmirvartaaku.com\/","logo":{"@type":"ImageObject","inLanguage":"en-US","@id":"https:\/\/izmirvartaaku.com\/#\/schema\/logo\/image\/","url":"https:\/\/izmirvartaaku.com\/wp-content\/uploads\/2026\/01\/izmir-varta-aku-logo.png","contentUrl":"https:\/\/izmirvartaaku.com\/wp-content\/uploads\/2026\/01\/izmir-varta-aku-logo.png","width":200,"height":92,"caption":"\u0130zmir Varta Ak\u00fc - Ak\u00fc Market - Ak\u00fc Yol Yard\u0131m - \u0130zmir"},"image":{"@id":"https:\/\/izmirvartaaku.com\/#\/schema\/logo\/image\/"}}]}},"_links":{"self":[{"href":"https:\/\/izmirvartaaku.com\/en\/wp-json\/wp\/v2\/product\/1138","targetHints":{"allow":["GET"]}}],"collection":[{"href":"https:\/\/izmirvartaaku.com\/en\/wp-json\/wp\/v2\/product"}],"about":[{"href":"https:\/\/izmirvartaaku.com\/en\/wp-json\/wp\/v2\/types\/product"}],"replies":[{"embeddable":true,"href":"https:\/\/izmirvartaaku.com\/en\/wp-json\/wp\/v2\/comments?post=1138"}],"wp:featuredmedia":[{"embeddable":true,"href":"https:\/\/izmirvartaaku.com\/en\/wp-json\/wp\/v2\/media\/1354"}],"wp:attachment":[{"href":"https:\/\/izmirvartaaku.com\/en\/wp-json\/wp\/v2\/media?parent=1138"}],"wp:term":[{"taxonomy":"product_brand","embeddable":true,"href":"https:\/\/izmirvartaaku.com\/en\/wp-json\/wp\/v2\/product_brand?post=1138"},{"taxonomy":"product_cat","embeddable":true,"href":"https:\/\/izmirvartaaku.com\/en\/wp-json\/wp\/v2\/product_cat?post=1138"},{"taxonomy":"product_tag","embeddable":true,"href":"https:\/\/izmirvartaaku.com\/en\/wp-json\/wp\/v2\/product_tag?post=1138"}],"curies":[{"name":"wp","href":"https:\/\/api.w.org\/{rel}","templated":true}]}}