{"id":1165,"date":"2026-01-11T13:07:11","date_gmt":"2026-01-11T13:07:11","guid":{"rendered":"https:\/\/izmirvartaaku.com\/?post_type=product&#038;p=1165"},"modified":"2026-02-19T08:51:56","modified_gmt":"2026-02-19T08:51:56","slug":"inci-aku-formul-a-taurus-12v-180ah-1200a-en-aku","status":"publish","type":"product","link":"https:\/\/izmirvartaaku.com\/en\/product\/inci-aku-formul-a-taurus-12v-180ah-1200a-en-aku\/","title":{"rendered":"Inci Ak\u00fc Formul A Taurus 12V 180Ah 1200A (EN) Ak\u00fc"},"content":{"rendered":"<p>Inci Ak\u00fc Formul A Taurus 12V 180Ah 1200A (EN) Ak\u00fc<br \/>\nENERJ\u0130 UZMANI K\u0130MD\u0130R?<\/p>\n<p>\u201c\u0130nci Ak\u00fc Enerji Uzman\u0131\u201d, sat\u0131\u015f\u0131n\u0131 ger\u00e7ekle\u015ftirdi\u011fi \u00fcr\u00fcnleri ara\u00e7 kullan\u0131c\u0131lar\u0131na denettiren, tercih ettiren, %100 m\u00fc\u015fteri memnuniyeti sunan; \u0130nci Ak\u00fc ba\u011fl\u0131l\u0131\u011f\u0131, ileti\u015fim g\u00fcc\u00fc ve markay\u0131 temsil kabiliyeti y\u00fcksek \u0130nci GS Yuasa\u2019 n\u0131n stratejik \u201c\u0130\u015f Orta\u011f\u0131\u201d d\u0131r.<\/p>\n<p>\u0130nci Ak\u00fc Enerji Uzman\u0131, sat\u0131\u015f \u00f6ncesinde ve sat\u0131\u015f sonras\u0131nda; m\u00fc\u015fteriye dokundu\u011fu her an onun yan\u0131nda olan, beklentilerine en iyi \u015fekilde cevap veren, i\u015finin uzman\u0131 \u201cSat\u0131\u015f ve Servis\u201d noktas\u0131d\u0131r.<\/p>\n<p>\u0130nci Ak\u00fc Enerji Uzman\u0131, yetkili servis hizmeti veren perakende sat\u0131\u015f noktas\u0131d\u0131r.<\/p>\n<p>ENERJ\u0130 UZMANI NELER\u0130 HEDEFLER?<\/p>\n<p>\u0130nci Ak\u00fc Enerji Uzmanlar\u0131, sat\u0131\u015f sonras\u0131 hizmet altyap\u0131s\u0131yla donat\u0131larak di\u011fer sat\u0131\u015f ve servis noktalar\u0131na \u00f6rnek olurlar; temel hedefleri \u015f\u00f6yledir:<\/p>\n<p>\u0130nci Ak\u00fc markas\u0131n\u0131 en \u00fcst seviyede temsil etmek,<br \/>\nKullan\u0131c\u0131lara ek faydalar sunarak %100 memnuniyeti ve \u0130nci Ak\u00fc\u2019 n\u00fcn tekrar tercih edilmesini sa\u011flamak,<br \/>\nHizmet kalitesi, bilgi ve g\u00f6rselleri ile kurumsal bir duru\u015f olu\u015fturmak,<br \/>\nSahip oldu\u011fu bilgi, ileti\u015fim g\u00fcc\u00fc ve donan\u0131m\u0131 ile \u201ci\u015finin uzman\u0131\u201d olmak,<br \/>\n\u201cEnerji Uzman\u0131\u201d isminin bir markaya d\u00f6n\u00fc\u015fmesine katk\u0131da bulunmak.<\/p>\n<p>S\u00dcRE\u00c7 Y\u00d6NET\u0130M\u0130<\/p>\n<p>\u0130nci Ak\u00fc Enerji Uzman\u0131 ge\u00e7i\u015f s\u00fcreci, Sat\u0131\u015f Departman\u0131 taraf\u0131ndan Pazarlama Departman\u0131\u2019na ula\u015ft\u0131r\u0131lan talep \u00fczerine ba\u015flat\u0131l\u0131r. Pazarlama ve M\u00fc\u015fteri Deneyimleri Departmanlar\u0131 taraf\u0131ndan \u00f6n inceleme ve yerinde ziyaret sonras\u0131 a\u015fa\u011f\u0131daki kriterlere g\u00f6re de\u011ferlendirme yap\u0131l\u0131r.<\/p>\n<p>Sat\u0131\u015f performans\u0131<br \/>\n\u0130nci GS Yuasa\u2019n\u0131n t\u00fcm markalar\u0131na yetkili servis hizmeti<br \/>\nM\u00fc\u015fteri ili\u015fkileri ve servis y\u00f6netimi<br \/>\nPersonel yetkinli\u011fi ve devaml\u0131l\u0131\u011f\u0131<br \/>\nMa\u011fazan\u0131n fiziki konumu<br \/>\nGizli m\u00fc\u015fteri denetim performans\u0131<br \/>\nKONTROL VE TAK\u0130P<\/p>\n<p>\u0130nci Ak\u00fc Enerji Uzman\u0131, \u00f6n g\u00f6r\u00fclen standartlara uygunlu\u011funun devam\u0131n\u0131 sa\u011flamakla y\u00fck\u00fcml\u00fcd\u00fcr. Sat\u0131\u015f, m\u00fc\u015fteri deneyimleri ve pazarlama departmanlar\u0131 da d\u00fczenli olarak nokta ziyaretleri yaparak kontrollerini ger\u00e7ekle\u015ftirir.<\/p>","protected":false},"excerpt":{"rendered":"<p>Inci Ak\u00fc Formul A Taurus 12V 180Ah 1200A (EN) Ak\u00fc ENERJ\u0130 UZMANI K\u0130MD\u0130R? \u201c\u0130nci Ak\u00fc Enerji Uzman\u0131\u201d, sat\u0131\u015f\u0131n\u0131 ger\u00e7ekle\u015ftirdi\u011fi \u00fcr\u00fcnleri ara\u00e7 kullan\u0131c\u0131lar\u0131na denettiren, tercih ettiren, %100 m\u00fc\u015fteri memnuniyeti sunan; \u0130nci Ak\u00fc ba\u011fl\u0131l\u0131\u011f\u0131, ileti\u015fim g\u00fcc\u00fc ve markay\u0131 temsil kabiliyeti y\u00fcksek \u0130nci GS Yuasa\u2019 n\u0131n stratejik \u201c\u0130\u015f Orta\u011f\u0131\u201d d\u0131r. \u0130nci Ak\u00fc Enerji Uzman\u0131, sat\u0131\u015f \u00f6ncesinde ve sat\u0131\u015f [&hellip;]<\/p>\n","protected":false},"featured_media":1434,"comment_status":"open","ping_status":"closed","template":"","meta":[],"product_brand":[],"product_cat":[39],"product_tag":[35,81],"class_list":{"0":"post-1165","1":"product","2":"type-product","3":"status-publish","4":"has-post-thumbnail","6":"product_cat-inci-aku","7":"product_tag-en-cok-satanlar","8":"product_tag-inci","10":"first","11":"instock","12":"sale","13":"shipping-taxable","14":"purchasable","15":"product-type-simple"},"yoast_head":"<!-- This site is optimized with the Yoast SEO plugin v27.2 - https:\/\/yoast.com\/product\/yoast-seo-wordpress\/ -->\n<title>Inci Ak\u00fc Formul A Taurus 12V 180Ah 1200A (EN) Ak\u00fc - \u0130zmir Varta Ak\u00fc - Ak\u00fc Market - Ak\u00fc Yol Yard\u0131m - \u0130zmir<\/title>\n<meta name=\"description\" content=\"Inci Ak\u00fc Formul A Taurus 12V 180Ah 1200A (EN) Ak\u00fc - \u0130zmir Varta Ak\u00fc - Ak\u00fc Market - Ak\u00fc Yol Yard\u0131m - \u0130zmir\" \/>\n<meta name=\"robots\" content=\"index, follow, max-snippet:-1, max-image-preview:large, max-video-preview:-1\" \/>\n<link rel=\"canonical\" href=\"https:\/\/izmirvartaaku.com\/en\/product\/inci-aku-formul-a-taurus-12v-180ah-1200a-en-aku\/\" \/>\n<meta property=\"og:locale\" content=\"en_US\" \/>\n<meta property=\"og:type\" content=\"article\" \/>\n<meta property=\"og:title\" content=\"Inci Ak\u00fc Formul A Taurus 12V 180Ah 1200A (EN) Ak\u00fc - \u0130zmir Varta Ak\u00fc - Ak\u00fc Market - Ak\u00fc Yol Yard\u0131m - \u0130zmir\" \/>\n<meta property=\"og:description\" content=\"Inci Ak\u00fc Formul A Taurus 12V 180Ah 1200A (EN) Ak\u00fc - \u0130zmir Varta Ak\u00fc - Ak\u00fc Market - Ak\u00fc Yol Yard\u0131m - \u0130zmir\" \/>\n<meta property=\"og:url\" content=\"https:\/\/izmirvartaaku.com\/en\/product\/inci-aku-formul-a-taurus-12v-180ah-1200a-en-aku\/\" \/>\n<meta property=\"og:site_name\" content=\"\u0130zmir Varta Ak\u00fc - Ak\u00fc Market - Ak\u00fc Yol Yard\u0131m - \u0130zmir\" \/>\n<meta property=\"article:modified_time\" content=\"2026-02-19T08:51:56+00:00\" \/>\n<meta property=\"og:image\" content=\"https:\/\/izmirvartaaku.com\/wp-content\/uploads\/2026\/01\/Inci-Aku-12V-180-Ah-Amper-Formul-A-Taurus.webp\" \/>\n\t<meta property=\"og:image:width\" content=\"375\" \/>\n\t<meta property=\"og:image:height\" content=\"535\" \/>\n\t<meta property=\"og:image:type\" content=\"image\/webp\" \/>\n<meta name=\"twitter:card\" content=\"summary_large_image\" \/>\n<meta name=\"twitter:label1\" content=\"Est. reading time\" \/>\n\t<meta name=\"twitter:data1\" content=\"2 minutes\" \/>\n<script type=\"application\/ld+json\" class=\"yoast-schema-graph\">{\"@context\":\"https:\/\/schema.org\",\"@graph\":[{\"@type\":\"WebPage\",\"@id\":\"https:\/\/izmirvartaaku.com\/urun\/inci-aku-formul-a-taurus-12v-180ah-1200a-en-aku\/\",\"url\":\"https:\/\/izmirvartaaku.com\/urun\/inci-aku-formul-a-taurus-12v-180ah-1200a-en-aku\/\",\"name\":\"Inci Ak\u00fc Formul A Taurus 12V 180Ah 1200A (EN) Ak\u00fc - \u0130zmir Varta Ak\u00fc - Ak\u00fc Market - Ak\u00fc Yol Yard\u0131m - \u0130zmir\",\"isPartOf\":{\"@id\":\"https:\/\/izmirvartaaku.com\/#website\"},\"primaryImageOfPage\":{\"@id\":\"https:\/\/izmirvartaaku.com\/urun\/inci-aku-formul-a-taurus-12v-180ah-1200a-en-aku\/#primaryimage\"},\"image\":{\"@id\":\"https:\/\/izmirvartaaku.com\/urun\/inci-aku-formul-a-taurus-12v-180ah-1200a-en-aku\/#primaryimage\"},\"thumbnailUrl\":\"https:\/\/izmirvartaaku.com\/wp-content\/uploads\/2026\/01\/Inci-Aku-12V-180-Ah-Amper-Formul-A-Taurus.webp\",\"datePublished\":\"2026-01-11T13:07:11+00:00\",\"dateModified\":\"2026-02-19T08:51:56+00:00\",\"description\":\"Inci Ak\u00fc Formul A Taurus 12V 180Ah 1200A (EN) Ak\u00fc - \u0130zmir Varta Ak\u00fc - Ak\u00fc Market - Ak\u00fc Yol Yard\u0131m - \u0130zmir\",\"breadcrumb\":{\"@id\":\"https:\/\/izmirvartaaku.com\/urun\/inci-aku-formul-a-taurus-12v-180ah-1200a-en-aku\/#breadcrumb\"},\"inLanguage\":\"en-US\",\"potentialAction\":[{\"@type\":\"ReadAction\",\"target\":[\"https:\/\/izmirvartaaku.com\/urun\/inci-aku-formul-a-taurus-12v-180ah-1200a-en-aku\/\"]}]},{\"@type\":\"ImageObject\",\"inLanguage\":\"en-US\",\"@id\":\"https:\/\/izmirvartaaku.com\/urun\/inci-aku-formul-a-taurus-12v-180ah-1200a-en-aku\/#primaryimage\",\"url\":\"https:\/\/izmirvartaaku.com\/wp-content\/uploads\/2026\/01\/Inci-Aku-12V-180-Ah-Amper-Formul-A-Taurus.webp\",\"contentUrl\":\"https:\/\/izmirvartaaku.com\/wp-content\/uploads\/2026\/01\/Inci-Aku-12V-180-Ah-Amper-Formul-A-Taurus.webp\",\"width\":375,\"height\":535},{\"@type\":\"BreadcrumbList\",\"@id\":\"https:\/\/izmirvartaaku.com\/urun\/inci-aku-formul-a-taurus-12v-180ah-1200a-en-aku\/#breadcrumb\",\"itemListElement\":[{\"@type\":\"ListItem\",\"position\":1,\"name\":\"Anasayfa\",\"item\":\"https:\/\/izmirvartaaku.com\/\"},{\"@type\":\"ListItem\",\"position\":2,\"name\":\"T\u00fcm \u00dcr\u00fcnler\",\"item\":\"https:\/\/izmirvartaaku.com\/tum-urunler\/\"},{\"@type\":\"ListItem\",\"position\":3,\"name\":\"Inci Ak\u00fc Formul A Taurus 12V 180Ah 1200A (EN) Ak\u00fc\"}]},{\"@type\":\"WebSite\",\"@id\":\"https:\/\/izmirvartaaku.com\/#website\",\"url\":\"https:\/\/izmirvartaaku.com\/\",\"name\":\"\u0130zmir Varta Ak\u00fc - Ak\u00fc Market - Ak\u00fc Yol Yard\u0131m - \u0130zmir\",\"description\":\"\u0130zmir Varta Ak\u00fc - Ak\u00fc Market - Ak\u00fc Yol Yard\u0131m -  \u0130zmir\",\"publisher\":{\"@id\":\"https:\/\/izmirvartaaku.com\/#organization\"},\"potentialAction\":[{\"@type\":\"SearchAction\",\"target\":{\"@type\":\"EntryPoint\",\"urlTemplate\":\"https:\/\/izmirvartaaku.com\/?s={search_term_string}\"},\"query-input\":{\"@type\":\"PropertyValueSpecification\",\"valueRequired\":true,\"valueName\":\"search_term_string\"}}],\"inLanguage\":\"en-US\"},{\"@type\":\"Organization\",\"@id\":\"https:\/\/izmirvartaaku.com\/#organization\",\"name\":\"\u0130zmir Varta Ak\u00fc - Ak\u00fc Market - Ak\u00fc Yol Yard\u0131m - \u0130zmir\",\"url\":\"https:\/\/izmirvartaaku.com\/\",\"logo\":{\"@type\":\"ImageObject\",\"inLanguage\":\"en-US\",\"@id\":\"https:\/\/izmirvartaaku.com\/#\/schema\/logo\/image\/\",\"url\":\"https:\/\/izmirvartaaku.com\/wp-content\/uploads\/2026\/01\/izmir-varta-aku-logo.png\",\"contentUrl\":\"https:\/\/izmirvartaaku.com\/wp-content\/uploads\/2026\/01\/izmir-varta-aku-logo.png\",\"width\":200,\"height\":92,\"caption\":\"\u0130zmir Varta Ak\u00fc - Ak\u00fc Market - Ak\u00fc Yol Yard\u0131m - \u0130zmir\"},\"image\":{\"@id\":\"https:\/\/izmirvartaaku.com\/#\/schema\/logo\/image\/\"}}]}<\/script>\n<!-- \/ Yoast SEO plugin. -->","yoast_head_json":{"title":"Inci Ak\u00fc Formul A Taurus 12V 180Ah 1200A (EN) Ak\u00fc - \u0130zmir Varta Ak\u00fc - Ak\u00fc Market - Ak\u00fc Yol Yard\u0131m - \u0130zmir","description":"Inci Ak\u00fc Formul A Taurus 12V 180Ah 1200A (EN) Ak\u00fc - \u0130zmir Varta Ak\u00fc - Ak\u00fc Market - Ak\u00fc Yol Yard\u0131m - \u0130zmir","robots":{"index":"index","follow":"follow","max-snippet":"max-snippet:-1","max-image-preview":"max-image-preview:large","max-video-preview":"max-video-preview:-1"},"canonical":"https:\/\/izmirvartaaku.com\/en\/product\/inci-aku-formul-a-taurus-12v-180ah-1200a-en-aku\/","og_locale":"en_US","og_type":"article","og_title":"Inci Ak\u00fc Formul A Taurus 12V 180Ah 1200A (EN) Ak\u00fc - \u0130zmir Varta Ak\u00fc - Ak\u00fc Market - Ak\u00fc Yol Yard\u0131m - \u0130zmir","og_description":"Inci Ak\u00fc Formul A Taurus 12V 180Ah 1200A (EN) Ak\u00fc - \u0130zmir Varta Ak\u00fc - Ak\u00fc Market - Ak\u00fc Yol Yard\u0131m - \u0130zmir","og_url":"https:\/\/izmirvartaaku.com\/en\/product\/inci-aku-formul-a-taurus-12v-180ah-1200a-en-aku\/","og_site_name":"\u0130zmir Varta Ak\u00fc - Ak\u00fc Market - Ak\u00fc Yol Yard\u0131m - \u0130zmir","article_modified_time":"2026-02-19T08:51:56+00:00","og_image":[{"width":375,"height":535,"url":"https:\/\/izmirvartaaku.com\/wp-content\/uploads\/2026\/01\/Inci-Aku-12V-180-Ah-Amper-Formul-A-Taurus.webp","type":"image\/webp"}],"twitter_card":"summary_large_image","twitter_misc":{"Est. reading time":"2 minutes"},"schema":{"@context":"https:\/\/schema.org","@graph":[{"@type":"WebPage","@id":"https:\/\/izmirvartaaku.com\/urun\/inci-aku-formul-a-taurus-12v-180ah-1200a-en-aku\/","url":"https:\/\/izmirvartaaku.com\/urun\/inci-aku-formul-a-taurus-12v-180ah-1200a-en-aku\/","name":"Inci Ak\u00fc Formul A Taurus 12V 180Ah 1200A (EN) Ak\u00fc - \u0130zmir Varta Ak\u00fc - Ak\u00fc Market - Ak\u00fc Yol Yard\u0131m - \u0130zmir","isPartOf":{"@id":"https:\/\/izmirvartaaku.com\/#website"},"primaryImageOfPage":{"@id":"https:\/\/izmirvartaaku.com\/urun\/inci-aku-formul-a-taurus-12v-180ah-1200a-en-aku\/#primaryimage"},"image":{"@id":"https:\/\/izmirvartaaku.com\/urun\/inci-aku-formul-a-taurus-12v-180ah-1200a-en-aku\/#primaryimage"},"thumbnailUrl":"https:\/\/izmirvartaaku.com\/wp-content\/uploads\/2026\/01\/Inci-Aku-12V-180-Ah-Amper-Formul-A-Taurus.webp","datePublished":"2026-01-11T13:07:11+00:00","dateModified":"2026-02-19T08:51:56+00:00","description":"Inci Ak\u00fc Formul A Taurus 12V 180Ah 1200A (EN) Ak\u00fc - \u0130zmir Varta Ak\u00fc - Ak\u00fc Market - Ak\u00fc Yol Yard\u0131m - \u0130zmir","breadcrumb":{"@id":"https:\/\/izmirvartaaku.com\/urun\/inci-aku-formul-a-taurus-12v-180ah-1200a-en-aku\/#breadcrumb"},"inLanguage":"en-US","potentialAction":[{"@type":"ReadAction","target":["https:\/\/izmirvartaaku.com\/urun\/inci-aku-formul-a-taurus-12v-180ah-1200a-en-aku\/"]}]},{"@type":"ImageObject","inLanguage":"en-US","@id":"https:\/\/izmirvartaaku.com\/urun\/inci-aku-formul-a-taurus-12v-180ah-1200a-en-aku\/#primaryimage","url":"https:\/\/izmirvartaaku.com\/wp-content\/uploads\/2026\/01\/Inci-Aku-12V-180-Ah-Amper-Formul-A-Taurus.webp","contentUrl":"https:\/\/izmirvartaaku.com\/wp-content\/uploads\/2026\/01\/Inci-Aku-12V-180-Ah-Amper-Formul-A-Taurus.webp","width":375,"height":535},{"@type":"BreadcrumbList","@id":"https:\/\/izmirvartaaku.com\/urun\/inci-aku-formul-a-taurus-12v-180ah-1200a-en-aku\/#breadcrumb","itemListElement":[{"@type":"ListItem","position":1,"name":"Anasayfa","item":"https:\/\/izmirvartaaku.com\/"},{"@type":"ListItem","position":2,"name":"T\u00fcm \u00dcr\u00fcnler","item":"https:\/\/izmirvartaaku.com\/tum-urunler\/"},{"@type":"ListItem","position":3,"name":"Inci Ak\u00fc Formul A Taurus 12V 180Ah 1200A (EN) Ak\u00fc"}]},{"@type":"WebSite","@id":"https:\/\/izmirvartaaku.com\/#website","url":"https:\/\/izmirvartaaku.com\/","name":"\u0130zmir Varta Ak\u00fc - Ak\u00fc Market - Ak\u00fc Yol Yard\u0131m - \u0130zmir","description":"\u0130zmir Varta Ak\u00fc - Ak\u00fc Market - Ak\u00fc Yol Yard\u0131m -  \u0130zmir","publisher":{"@id":"https:\/\/izmirvartaaku.com\/#organization"},"potentialAction":[{"@type":"SearchAction","target":{"@type":"EntryPoint","urlTemplate":"https:\/\/izmirvartaaku.com\/?s={search_term_string}"},"query-input":{"@type":"PropertyValueSpecification","valueRequired":true,"valueName":"search_term_string"}}],"inLanguage":"en-US"},{"@type":"Organization","@id":"https:\/\/izmirvartaaku.com\/#organization","name":"\u0130zmir Varta Ak\u00fc - Ak\u00fc Market - Ak\u00fc Yol Yard\u0131m - \u0130zmir","url":"https:\/\/izmirvartaaku.com\/","logo":{"@type":"ImageObject","inLanguage":"en-US","@id":"https:\/\/izmirvartaaku.com\/#\/schema\/logo\/image\/","url":"https:\/\/izmirvartaaku.com\/wp-content\/uploads\/2026\/01\/izmir-varta-aku-logo.png","contentUrl":"https:\/\/izmirvartaaku.com\/wp-content\/uploads\/2026\/01\/izmir-varta-aku-logo.png","width":200,"height":92,"caption":"\u0130zmir Varta Ak\u00fc - Ak\u00fc Market - Ak\u00fc Yol Yard\u0131m - \u0130zmir"},"image":{"@id":"https:\/\/izmirvartaaku.com\/#\/schema\/logo\/image\/"}}]}},"_links":{"self":[{"href":"https:\/\/izmirvartaaku.com\/en\/wp-json\/wp\/v2\/product\/1165","targetHints":{"allow":["GET"]}}],"collection":[{"href":"https:\/\/izmirvartaaku.com\/en\/wp-json\/wp\/v2\/product"}],"about":[{"href":"https:\/\/izmirvartaaku.com\/en\/wp-json\/wp\/v2\/types\/product"}],"replies":[{"embeddable":true,"href":"https:\/\/izmirvartaaku.com\/en\/wp-json\/wp\/v2\/comments?post=1165"}],"wp:featuredmedia":[{"embeddable":true,"href":"https:\/\/izmirvartaaku.com\/en\/wp-json\/wp\/v2\/media\/1434"}],"wp:attachment":[{"href":"https:\/\/izmirvartaaku.com\/en\/wp-json\/wp\/v2\/media?parent=1165"}],"wp:term":[{"taxonomy":"product_brand","embeddable":true,"href":"https:\/\/izmirvartaaku.com\/en\/wp-json\/wp\/v2\/product_brand?post=1165"},{"taxonomy":"product_cat","embeddable":true,"href":"https:\/\/izmirvartaaku.com\/en\/wp-json\/wp\/v2\/product_cat?post=1165"},{"taxonomy":"product_tag","embeddable":true,"href":"https:\/\/izmirvartaaku.com\/en\/wp-json\/wp\/v2\/product_tag?post=1165"}],"curies":[{"name":"wp","href":"https:\/\/api.w.org\/{rel}","templated":true}]}}