{"id":1597,"date":"2026-01-24T15:10:49","date_gmt":"2026-01-24T15:10:49","guid":{"rendered":"https:\/\/izmirvartaaku.com\/?post_type=product&#038;p=1597"},"modified":"2026-02-05T15:08:45","modified_gmt":"2026-02-05T15:08:45","slug":"orbus-12v-24ah-elektrikli-bisiklet-akusu-6li-set","status":"publish","type":"product","link":"https:\/\/izmirvartaaku.com\/en\/product\/orbus-12v-24ah-elektrikli-bisiklet-akusu-6li-set\/","title":{"rendered":"Orbus 12V 24Ah Elektrikli Bisiklet Ak\u00fcs\u00fc 6&#8217;l\u0131 Set"},"content":{"rendered":"<p>Orbus 12V 24 Ah Elektrikli Bisiklet Ak\u00fcs\u00fc 6&#8217;l\u0131 Set<\/p>","protected":false},"excerpt":{"rendered":"<p>Orbus 12V 24 Ah Elektrikli Bisiklet Ak\u00fcs\u00fc 6&#8217;l\u0131 Set<\/p>","protected":false},"featured_media":1605,"comment_status":"open","ping_status":"closed","template":"","meta":[],"product_brand":[],"product_cat":[46],"product_tag":[35],"class_list":{"0":"post-1597","1":"product","2":"type-product","3":"status-publish","4":"has-post-thumbnail","6":"product_cat-orbus-jel-aku","7":"product_tag-en-cok-satanlar","9":"first","10":"instock","11":"sale","12":"shipping-taxable","13":"purchasable","14":"product-type-simple"},"yoast_head":"<!-- This site is optimized with the Yoast SEO plugin v27.2 - https:\/\/yoast.com\/product\/yoast-seo-wordpress\/ -->\n<title>Orbus 12V 24Ah Elektrikli Bisiklet Ak\u00fcs\u00fc 6&#039;l\u0131 Set - \u0130zmir Varta Ak\u00fc - Ak\u00fc Market - Ak\u00fc Yol Yard\u0131m - \u0130zmir<\/title>\n<meta name=\"description\" content=\"Orbus 12V 24Ah Elektrikli Bisiklet Ak\u00fcs\u00fc 6&#039;l\u0131 Set - \u0130zmir Varta Ak\u00fc - Ak\u00fc Market - Ak\u00fc Yol Yard\u0131m - \u0130zmir\" \/>\n<meta name=\"robots\" content=\"index, follow, max-snippet:-1, max-image-preview:large, max-video-preview:-1\" \/>\n<link rel=\"canonical\" href=\"https:\/\/izmirvartaaku.com\/en\/product\/orbus-12v-24ah-elektrikli-bisiklet-akusu-6li-set\/\" \/>\n<meta property=\"og:locale\" content=\"en_US\" \/>\n<meta property=\"og:type\" content=\"article\" \/>\n<meta property=\"og:title\" content=\"Orbus 12V 24Ah Elektrikli Bisiklet Ak\u00fcs\u00fc 6&#039;l\u0131 Set - \u0130zmir Varta Ak\u00fc - Ak\u00fc Market - Ak\u00fc Yol Yard\u0131m - \u0130zmir\" \/>\n<meta property=\"og:description\" content=\"Orbus 12V 24Ah Elektrikli Bisiklet Ak\u00fcs\u00fc 6&#039;l\u0131 Set - \u0130zmir Varta Ak\u00fc - Ak\u00fc Market - Ak\u00fc Yol Yard\u0131m - \u0130zmir\" \/>\n<meta property=\"og:url\" content=\"https:\/\/izmirvartaaku.com\/en\/product\/orbus-12v-24ah-elektrikli-bisiklet-akusu-6li-set\/\" \/>\n<meta property=\"og:site_name\" content=\"\u0130zmir Varta Ak\u00fc - Ak\u00fc Market - Ak\u00fc Yol Yard\u0131m - \u0130zmir\" \/>\n<meta property=\"article:modified_time\" content=\"2026-02-05T15:08:45+00:00\" \/>\n<meta property=\"og:image\" content=\"https:\/\/izmirvartaaku.com\/wp-content\/uploads\/2026\/01\/Orbus-12V-24-Ah-Elektrikli-Bisiklet-Akusu-6li-Set.webp\" \/>\n\t<meta property=\"og:image:width\" content=\"375\" \/>\n\t<meta property=\"og:image:height\" content=\"535\" \/>\n\t<meta property=\"og:image:type\" content=\"image\/webp\" \/>\n<meta name=\"twitter:card\" content=\"summary_large_image\" \/>\n<script type=\"application\/ld+json\" class=\"yoast-schema-graph\">{\"@context\":\"https:\/\/schema.org\",\"@graph\":[{\"@type\":\"WebPage\",\"@id\":\"https:\/\/izmirvartaaku.com\/urun\/orbus-12v-24ah-elektrikli-bisiklet-akusu-6li-set\/\",\"url\":\"https:\/\/izmirvartaaku.com\/urun\/orbus-12v-24ah-elektrikli-bisiklet-akusu-6li-set\/\",\"name\":\"Orbus 12V 24Ah Elektrikli Bisiklet Ak\u00fcs\u00fc 6'l\u0131 Set - \u0130zmir Varta Ak\u00fc - Ak\u00fc Market - Ak\u00fc Yol Yard\u0131m - \u0130zmir\",\"isPartOf\":{\"@id\":\"https:\/\/izmirvartaaku.com\/#website\"},\"primaryImageOfPage\":{\"@id\":\"https:\/\/izmirvartaaku.com\/urun\/orbus-12v-24ah-elektrikli-bisiklet-akusu-6li-set\/#primaryimage\"},\"image\":{\"@id\":\"https:\/\/izmirvartaaku.com\/urun\/orbus-12v-24ah-elektrikli-bisiklet-akusu-6li-set\/#primaryimage\"},\"thumbnailUrl\":\"https:\/\/izmirvartaaku.com\/wp-content\/uploads\/2026\/01\/Orbus-12V-24-Ah-Elektrikli-Bisiklet-Akusu-6li-Set.webp\",\"datePublished\":\"2026-01-24T15:10:49+00:00\",\"dateModified\":\"2026-02-05T15:08:45+00:00\",\"description\":\"Orbus 12V 24Ah Elektrikli Bisiklet Ak\u00fcs\u00fc 6'l\u0131 Set - \u0130zmir Varta Ak\u00fc - Ak\u00fc Market - Ak\u00fc Yol Yard\u0131m - \u0130zmir\",\"breadcrumb\":{\"@id\":\"https:\/\/izmirvartaaku.com\/urun\/orbus-12v-24ah-elektrikli-bisiklet-akusu-6li-set\/#breadcrumb\"},\"inLanguage\":\"en-US\",\"potentialAction\":[{\"@type\":\"ReadAction\",\"target\":[\"https:\/\/izmirvartaaku.com\/urun\/orbus-12v-24ah-elektrikli-bisiklet-akusu-6li-set\/\"]}]},{\"@type\":\"ImageObject\",\"inLanguage\":\"en-US\",\"@id\":\"https:\/\/izmirvartaaku.com\/urun\/orbus-12v-24ah-elektrikli-bisiklet-akusu-6li-set\/#primaryimage\",\"url\":\"https:\/\/izmirvartaaku.com\/wp-content\/uploads\/2026\/01\/Orbus-12V-24-Ah-Elektrikli-Bisiklet-Akusu-6li-Set.webp\",\"contentUrl\":\"https:\/\/izmirvartaaku.com\/wp-content\/uploads\/2026\/01\/Orbus-12V-24-Ah-Elektrikli-Bisiklet-Akusu-6li-Set.webp\",\"width\":375,\"height\":535},{\"@type\":\"BreadcrumbList\",\"@id\":\"https:\/\/izmirvartaaku.com\/urun\/orbus-12v-24ah-elektrikli-bisiklet-akusu-6li-set\/#breadcrumb\",\"itemListElement\":[{\"@type\":\"ListItem\",\"position\":1,\"name\":\"Anasayfa\",\"item\":\"https:\/\/izmirvartaaku.com\/\"},{\"@type\":\"ListItem\",\"position\":2,\"name\":\"T\u00fcm \u00dcr\u00fcnler\",\"item\":\"https:\/\/izmirvartaaku.com\/tum-urunler\/\"},{\"@type\":\"ListItem\",\"position\":3,\"name\":\"Orbus 12V 24Ah Elektrikli Bisiklet Ak\u00fcs\u00fc 6&#8217;l\u0131 Set\"}]},{\"@type\":\"WebSite\",\"@id\":\"https:\/\/izmirvartaaku.com\/#website\",\"url\":\"https:\/\/izmirvartaaku.com\/\",\"name\":\"\u0130zmir Varta Ak\u00fc - Ak\u00fc Market - Ak\u00fc Yol Yard\u0131m - \u0130zmir\",\"description\":\"\u0130zmir Varta Ak\u00fc - Ak\u00fc Market - Ak\u00fc Yol Yard\u0131m -  \u0130zmir\",\"publisher\":{\"@id\":\"https:\/\/izmirvartaaku.com\/#organization\"},\"potentialAction\":[{\"@type\":\"SearchAction\",\"target\":{\"@type\":\"EntryPoint\",\"urlTemplate\":\"https:\/\/izmirvartaaku.com\/?s={search_term_string}\"},\"query-input\":{\"@type\":\"PropertyValueSpecification\",\"valueRequired\":true,\"valueName\":\"search_term_string\"}}],\"inLanguage\":\"en-US\"},{\"@type\":\"Organization\",\"@id\":\"https:\/\/izmirvartaaku.com\/#organization\",\"name\":\"\u0130zmir Varta Ak\u00fc - Ak\u00fc Market - Ak\u00fc Yol Yard\u0131m - \u0130zmir\",\"url\":\"https:\/\/izmirvartaaku.com\/\",\"logo\":{\"@type\":\"ImageObject\",\"inLanguage\":\"en-US\",\"@id\":\"https:\/\/izmirvartaaku.com\/#\/schema\/logo\/image\/\",\"url\":\"https:\/\/izmirvartaaku.com\/wp-content\/uploads\/2026\/01\/izmir-varta-aku-logo.png\",\"contentUrl\":\"https:\/\/izmirvartaaku.com\/wp-content\/uploads\/2026\/01\/izmir-varta-aku-logo.png\",\"width\":200,\"height\":92,\"caption\":\"\u0130zmir Varta Ak\u00fc - Ak\u00fc Market - Ak\u00fc Yol Yard\u0131m - \u0130zmir\"},\"image\":{\"@id\":\"https:\/\/izmirvartaaku.com\/#\/schema\/logo\/image\/\"}}]}<\/script>\n<!-- \/ Yoast SEO plugin. -->","yoast_head_json":{"title":"Orbus 12V 24Ah Elektrikli Bisiklet Ak\u00fcs\u00fc 6'l\u0131 Set - \u0130zmir Varta Ak\u00fc - Ak\u00fc Market - Ak\u00fc Yol Yard\u0131m - \u0130zmir","description":"Orbus 12V 24Ah Elektrikli Bisiklet Ak\u00fcs\u00fc 6'l\u0131 Set - \u0130zmir Varta Ak\u00fc - Ak\u00fc Market - Ak\u00fc Yol Yard\u0131m - \u0130zmir","robots":{"index":"index","follow":"follow","max-snippet":"max-snippet:-1","max-image-preview":"max-image-preview:large","max-video-preview":"max-video-preview:-1"},"canonical":"https:\/\/izmirvartaaku.com\/en\/product\/orbus-12v-24ah-elektrikli-bisiklet-akusu-6li-set\/","og_locale":"en_US","og_type":"article","og_title":"Orbus 12V 24Ah Elektrikli Bisiklet Ak\u00fcs\u00fc 6'l\u0131 Set - \u0130zmir Varta Ak\u00fc - Ak\u00fc Market - Ak\u00fc Yol Yard\u0131m - \u0130zmir","og_description":"Orbus 12V 24Ah Elektrikli Bisiklet Ak\u00fcs\u00fc 6'l\u0131 Set - \u0130zmir Varta Ak\u00fc - Ak\u00fc Market - Ak\u00fc Yol Yard\u0131m - \u0130zmir","og_url":"https:\/\/izmirvartaaku.com\/en\/product\/orbus-12v-24ah-elektrikli-bisiklet-akusu-6li-set\/","og_site_name":"\u0130zmir Varta Ak\u00fc - Ak\u00fc Market - Ak\u00fc Yol Yard\u0131m - \u0130zmir","article_modified_time":"2026-02-05T15:08:45+00:00","og_image":[{"width":375,"height":535,"url":"https:\/\/izmirvartaaku.com\/wp-content\/uploads\/2026\/01\/Orbus-12V-24-Ah-Elektrikli-Bisiklet-Akusu-6li-Set.webp","type":"image\/webp"}],"twitter_card":"summary_large_image","schema":{"@context":"https:\/\/schema.org","@graph":[{"@type":"WebPage","@id":"https:\/\/izmirvartaaku.com\/urun\/orbus-12v-24ah-elektrikli-bisiklet-akusu-6li-set\/","url":"https:\/\/izmirvartaaku.com\/urun\/orbus-12v-24ah-elektrikli-bisiklet-akusu-6li-set\/","name":"Orbus 12V 24Ah Elektrikli Bisiklet Ak\u00fcs\u00fc 6'l\u0131 Set - \u0130zmir Varta Ak\u00fc - Ak\u00fc Market - Ak\u00fc Yol Yard\u0131m - \u0130zmir","isPartOf":{"@id":"https:\/\/izmirvartaaku.com\/#website"},"primaryImageOfPage":{"@id":"https:\/\/izmirvartaaku.com\/urun\/orbus-12v-24ah-elektrikli-bisiklet-akusu-6li-set\/#primaryimage"},"image":{"@id":"https:\/\/izmirvartaaku.com\/urun\/orbus-12v-24ah-elektrikli-bisiklet-akusu-6li-set\/#primaryimage"},"thumbnailUrl":"https:\/\/izmirvartaaku.com\/wp-content\/uploads\/2026\/01\/Orbus-12V-24-Ah-Elektrikli-Bisiklet-Akusu-6li-Set.webp","datePublished":"2026-01-24T15:10:49+00:00","dateModified":"2026-02-05T15:08:45+00:00","description":"Orbus 12V 24Ah Elektrikli Bisiklet Ak\u00fcs\u00fc 6'l\u0131 Set - \u0130zmir Varta Ak\u00fc - Ak\u00fc Market - Ak\u00fc Yol Yard\u0131m - \u0130zmir","breadcrumb":{"@id":"https:\/\/izmirvartaaku.com\/urun\/orbus-12v-24ah-elektrikli-bisiklet-akusu-6li-set\/#breadcrumb"},"inLanguage":"en-US","potentialAction":[{"@type":"ReadAction","target":["https:\/\/izmirvartaaku.com\/urun\/orbus-12v-24ah-elektrikli-bisiklet-akusu-6li-set\/"]}]},{"@type":"ImageObject","inLanguage":"en-US","@id":"https:\/\/izmirvartaaku.com\/urun\/orbus-12v-24ah-elektrikli-bisiklet-akusu-6li-set\/#primaryimage","url":"https:\/\/izmirvartaaku.com\/wp-content\/uploads\/2026\/01\/Orbus-12V-24-Ah-Elektrikli-Bisiklet-Akusu-6li-Set.webp","contentUrl":"https:\/\/izmirvartaaku.com\/wp-content\/uploads\/2026\/01\/Orbus-12V-24-Ah-Elektrikli-Bisiklet-Akusu-6li-Set.webp","width":375,"height":535},{"@type":"BreadcrumbList","@id":"https:\/\/izmirvartaaku.com\/urun\/orbus-12v-24ah-elektrikli-bisiklet-akusu-6li-set\/#breadcrumb","itemListElement":[{"@type":"ListItem","position":1,"name":"Anasayfa","item":"https:\/\/izmirvartaaku.com\/"},{"@type":"ListItem","position":2,"name":"T\u00fcm \u00dcr\u00fcnler","item":"https:\/\/izmirvartaaku.com\/tum-urunler\/"},{"@type":"ListItem","position":3,"name":"Orbus 12V 24Ah Elektrikli Bisiklet Ak\u00fcs\u00fc 6&#8217;l\u0131 Set"}]},{"@type":"WebSite","@id":"https:\/\/izmirvartaaku.com\/#website","url":"https:\/\/izmirvartaaku.com\/","name":"\u0130zmir Varta Ak\u00fc - Ak\u00fc Market - Ak\u00fc Yol Yard\u0131m - \u0130zmir","description":"\u0130zmir Varta Ak\u00fc - Ak\u00fc Market - Ak\u00fc Yol Yard\u0131m -  \u0130zmir","publisher":{"@id":"https:\/\/izmirvartaaku.com\/#organization"},"potentialAction":[{"@type":"SearchAction","target":{"@type":"EntryPoint","urlTemplate":"https:\/\/izmirvartaaku.com\/?s={search_term_string}"},"query-input":{"@type":"PropertyValueSpecification","valueRequired":true,"valueName":"search_term_string"}}],"inLanguage":"en-US"},{"@type":"Organization","@id":"https:\/\/izmirvartaaku.com\/#organization","name":"\u0130zmir Varta Ak\u00fc - Ak\u00fc Market - Ak\u00fc Yol Yard\u0131m - \u0130zmir","url":"https:\/\/izmirvartaaku.com\/","logo":{"@type":"ImageObject","inLanguage":"en-US","@id":"https:\/\/izmirvartaaku.com\/#\/schema\/logo\/image\/","url":"https:\/\/izmirvartaaku.com\/wp-content\/uploads\/2026\/01\/izmir-varta-aku-logo.png","contentUrl":"https:\/\/izmirvartaaku.com\/wp-content\/uploads\/2026\/01\/izmir-varta-aku-logo.png","width":200,"height":92,"caption":"\u0130zmir Varta Ak\u00fc - Ak\u00fc Market - Ak\u00fc Yol Yard\u0131m - \u0130zmir"},"image":{"@id":"https:\/\/izmirvartaaku.com\/#\/schema\/logo\/image\/"}}]}},"_links":{"self":[{"href":"https:\/\/izmirvartaaku.com\/en\/wp-json\/wp\/v2\/product\/1597","targetHints":{"allow":["GET"]}}],"collection":[{"href":"https:\/\/izmirvartaaku.com\/en\/wp-json\/wp\/v2\/product"}],"about":[{"href":"https:\/\/izmirvartaaku.com\/en\/wp-json\/wp\/v2\/types\/product"}],"replies":[{"embeddable":true,"href":"https:\/\/izmirvartaaku.com\/en\/wp-json\/wp\/v2\/comments?post=1597"}],"wp:featuredmedia":[{"embeddable":true,"href":"https:\/\/izmirvartaaku.com\/en\/wp-json\/wp\/v2\/media\/1605"}],"wp:attachment":[{"href":"https:\/\/izmirvartaaku.com\/en\/wp-json\/wp\/v2\/media?parent=1597"}],"wp:term":[{"taxonomy":"product_brand","embeddable":true,"href":"https:\/\/izmirvartaaku.com\/en\/wp-json\/wp\/v2\/product_brand?post=1597"},{"taxonomy":"product_cat","embeddable":true,"href":"https:\/\/izmirvartaaku.com\/en\/wp-json\/wp\/v2\/product_cat?post=1597"},{"taxonomy":"product_tag","embeddable":true,"href":"https:\/\/izmirvartaaku.com\/en\/wp-json\/wp\/v2\/product_tag?post=1597"}],"curies":[{"name":"wp","href":"https:\/\/api.w.org\/{rel}","templated":true}]}}