{"id":1788,"date":"2026-02-12T07:17:55","date_gmt":"2026-02-12T07:17:55","guid":{"rendered":"https:\/\/izmirvartaaku.com\/?post_type=product&#038;p=1788"},"modified":"2026-03-11T19:41:45","modified_gmt":"2026-03-11T19:41:45","slug":"bosch-s5-a04-agm-start-stop-12v-70ah-760a-en-aku","status":"publish","type":"product","link":"https:\/\/izmirvartaaku.com\/en\/product\/bosch-s5-a04-agm-start-stop-12v-70ah-760a-en-aku\/","title":{"rendered":"Bosch S5 A04 AGM 12V 70Ah 760A (EN) Ak\u00fc"},"content":{"rendered":"<p>Bosch S5 A04 AGM 12V 70Ah 760A (EN) Ak\u00fc<br \/>\nBosch Ak\u00fcleri:Tutkunuz i\u00e7in g\u00fc\u00e7 kayna\u011f\u0131<br \/>\nBosch Ak\u00fcleri hakk\u0131nda daha fazla bilgi edinin. Modern ara\u00e7lar, gittik\u00e7e elektrik enetjisiyle \u00e7al\u0131\u015fan daha fazla bile\u015fenle donat\u0131l\u0131yor. Bu ara\u00e7lar\u0131n y\u00fcksek performansl\u0131 g\u00fcvenilir enerji kaynaklar\u0131ndan beslenmeleri gerekir. Modern teknolojiyle donat\u0131lm\u0131\u015f ve korozyona dayan\u0131kl\u0131 tasar\u0131ma sahip Bosch ak\u00fcleri, farkl\u0131 t\u00fcrdeki ara\u00e7lara ihtiya\u00e7 duyduklar\u0131 enerjiyi uzun s\u00fcreler boyunca sa\u011flar.<br \/>\nAGM teknolojisine sahip birinci s\u0131n\u0131f Bosch ak\u00fc, s\u0131k \u00e7al\u0131\u015ft\u0131rma ve durdurma i\u00e7in gerekli g\u00fcc\u00fc sa\u011flar, rejeneratif frenlemeyi (geri kazan\u0131m) destekler ve durma a\u015famas\u0131nda elektrik t\u00fcketicileri i\u00e7in g\u00fcvenilir bir g\u00fc\u00e7 kayna\u011f\u0131d\u0131r. EFB teknolojisine sahip g\u00fc\u00e7l\u00fc Bosch ak\u00fc, start\/stop sistemli ara\u00e7lar\u0131n gereksinimlerini kar\u015f\u0131lamak \u00fczere \u00f6zelle\u015ftirilmi\u015ftir. Ara\u00e7ta birka\u00e7 elektrik t\u00fcketicisi g\u00fc t\u00fcketiyor olsa bile g\u00fcvenli \u00e7al\u0131\u015ft\u0131rma sa\u011flar. Bosch SLI ak\u00fclerini \u00f6ne \u00e7\u0131karan \u00f6zellik; \u00e7ok \u00e7e\u015fitli gereksinimler ve ara\u00e7 t\u00fcrleri i\u00e7in verimli Bosch kalitesine sahip olmas\u0131d\u0131r.<\/p>","protected":false},"excerpt":{"rendered":"<p>Bosch S5 A04 AGM 12V 70Ah 760A (EN) Ak\u00fc Bosch Ak\u00fcleri:Tutkunuz i\u00e7in g\u00fc\u00e7 kayna\u011f\u0131 Bosch Ak\u00fcleri hakk\u0131nda daha fazla bilgi edinin. Modern ara\u00e7lar, gittik\u00e7e elektrik enetjisiyle \u00e7al\u0131\u015fan daha fazla bile\u015fenle donat\u0131l\u0131yor. Bu ara\u00e7lar\u0131n y\u00fcksek performansl\u0131 g\u00fcvenilir enerji kaynaklar\u0131ndan beslenmeleri gerekir. Modern teknolojiyle donat\u0131lm\u0131\u015f ve korozyona dayan\u0131kl\u0131 tasar\u0131ma sahip Bosch ak\u00fcleri, farkl\u0131 t\u00fcrdeki ara\u00e7lara ihtiya\u00e7 duyduklar\u0131 [&hellip;]<\/p>\n","protected":false},"featured_media":1789,"comment_status":"open","ping_status":"closed","template":"","meta":[],"product_brand":[],"product_cat":[41],"product_tag":[35],"class_list":{"0":"post-1788","1":"product","2":"type-product","3":"status-publish","4":"has-post-thumbnail","6":"product_cat-bosch-aku","7":"product_tag-en-cok-satanlar","9":"first","10":"instock","11":"sale","12":"shipping-taxable","13":"purchasable","14":"product-type-simple"},"yoast_head":"<!-- This site is optimized with the Yoast SEO plugin v27.2 - https:\/\/yoast.com\/product\/yoast-seo-wordpress\/ -->\n<title>Bosch S5 A04 AGM 12V 70Ah 760A (EN) Ak\u00fc - \u0130zmir Varta Ak\u00fc - Ak\u00fc Market - Ak\u00fc Yol Yard\u0131m - \u0130zmir<\/title>\n<meta name=\"description\" content=\"Bosch S5 A04 AGM 12V 70Ah 760A (EN) Ak\u00fc - \u0130zmir Varta Ak\u00fc - Ak\u00fc Market - Ak\u00fc Yol Yard\u0131m - \u0130zmir\" \/>\n<meta name=\"robots\" content=\"index, follow, max-snippet:-1, max-image-preview:large, max-video-preview:-1\" \/>\n<link rel=\"canonical\" href=\"https:\/\/izmirvartaaku.com\/en\/product\/bosch-s5-a04-agm-start-stop-12v-70ah-760a-en-aku\/\" \/>\n<meta property=\"og:locale\" content=\"en_US\" \/>\n<meta property=\"og:type\" content=\"article\" \/>\n<meta property=\"og:title\" content=\"Bosch S5 A04 AGM 12V 70Ah 760A (EN) Ak\u00fc - \u0130zmir Varta Ak\u00fc - Ak\u00fc Market - Ak\u00fc Yol Yard\u0131m - \u0130zmir\" \/>\n<meta property=\"og:description\" content=\"Bosch S5 A04 AGM 12V 70Ah 760A (EN) Ak\u00fc - \u0130zmir Varta Ak\u00fc - Ak\u00fc Market - Ak\u00fc Yol Yard\u0131m - \u0130zmir\" \/>\n<meta property=\"og:url\" content=\"https:\/\/izmirvartaaku.com\/en\/product\/bosch-s5-a04-agm-start-stop-12v-70ah-760a-en-aku\/\" \/>\n<meta property=\"og:site_name\" content=\"\u0130zmir Varta Ak\u00fc - Ak\u00fc Market - Ak\u00fc Yol Yard\u0131m - \u0130zmir\" \/>\n<meta property=\"article:modified_time\" content=\"2026-03-11T19:41:45+00:00\" \/>\n<meta name=\"twitter:card\" content=\"summary_large_image\" \/>\n<meta name=\"twitter:label1\" content=\"Est. reading time\" \/>\n\t<meta name=\"twitter:data1\" content=\"1 minute\" \/>\n<script type=\"application\/ld+json\" class=\"yoast-schema-graph\">{\"@context\":\"https:\/\/schema.org\",\"@graph\":[{\"@type\":\"WebPage\",\"@id\":\"https:\/\/izmirvartaaku.com\/urun\/bosch-s5-a04-agm-start-stop-12v-70ah-760a-en-aku\/\",\"url\":\"https:\/\/izmirvartaaku.com\/urun\/bosch-s5-a04-agm-start-stop-12v-70ah-760a-en-aku\/\",\"name\":\"Bosch S5 A04 AGM 12V 70Ah 760A (EN) Ak\u00fc - \u0130zmir Varta Ak\u00fc - Ak\u00fc Market - Ak\u00fc Yol Yard\u0131m - \u0130zmir\",\"isPartOf\":{\"@id\":\"https:\/\/izmirvartaaku.com\/#website\"},\"primaryImageOfPage\":{\"@id\":\"https:\/\/izmirvartaaku.com\/urun\/bosch-s5-a04-agm-start-stop-12v-70ah-760a-en-aku\/#primaryimage\"},\"image\":{\"@id\":\"https:\/\/izmirvartaaku.com\/urun\/bosch-s5-a04-agm-start-stop-12v-70ah-760a-en-aku\/#primaryimage\"},\"thumbnailUrl\":\"https:\/\/izmirvartaaku.com\/wp-content\/uploads\/2026\/02\/Bosch-S5-A04-AGM-Start-Stop-12-V-70-Ah-760-A-Aku.avif\",\"datePublished\":\"2026-02-12T07:17:55+00:00\",\"dateModified\":\"2026-03-11T19:41:45+00:00\",\"description\":\"Bosch S5 A04 AGM 12V 70Ah 760A (EN) Ak\u00fc - \u0130zmir Varta Ak\u00fc - Ak\u00fc Market - Ak\u00fc Yol Yard\u0131m - \u0130zmir\",\"breadcrumb\":{\"@id\":\"https:\/\/izmirvartaaku.com\/urun\/bosch-s5-a04-agm-start-stop-12v-70ah-760a-en-aku\/#breadcrumb\"},\"inLanguage\":\"en-US\",\"potentialAction\":[{\"@type\":\"ReadAction\",\"target\":[\"https:\/\/izmirvartaaku.com\/urun\/bosch-s5-a04-agm-start-stop-12v-70ah-760a-en-aku\/\"]}]},{\"@type\":\"ImageObject\",\"inLanguage\":\"en-US\",\"@id\":\"https:\/\/izmirvartaaku.com\/urun\/bosch-s5-a04-agm-start-stop-12v-70ah-760a-en-aku\/#primaryimage\",\"url\":\"https:\/\/izmirvartaaku.com\/wp-content\/uploads\/2026\/02\/Bosch-S5-A04-AGM-Start-Stop-12-V-70-Ah-760-A-Aku.avif\",\"contentUrl\":\"https:\/\/izmirvartaaku.com\/wp-content\/uploads\/2026\/02\/Bosch-S5-A04-AGM-Start-Stop-12-V-70-Ah-760-A-Aku.avif\",\"width\":500,\"height\":328},{\"@type\":\"BreadcrumbList\",\"@id\":\"https:\/\/izmirvartaaku.com\/urun\/bosch-s5-a04-agm-start-stop-12v-70ah-760a-en-aku\/#breadcrumb\",\"itemListElement\":[{\"@type\":\"ListItem\",\"position\":1,\"name\":\"Anasayfa\",\"item\":\"https:\/\/izmirvartaaku.com\/\"},{\"@type\":\"ListItem\",\"position\":2,\"name\":\"T\u00fcm \u00dcr\u00fcnler\",\"item\":\"https:\/\/izmirvartaaku.com\/tum-urunler\/\"},{\"@type\":\"ListItem\",\"position\":3,\"name\":\"Bosch S5 A04 AGM 12V 70Ah 760A (EN) Ak\u00fc\"}]},{\"@type\":\"WebSite\",\"@id\":\"https:\/\/izmirvartaaku.com\/#website\",\"url\":\"https:\/\/izmirvartaaku.com\/\",\"name\":\"\u0130zmir Varta Ak\u00fc - Ak\u00fc Market - Ak\u00fc Yol Yard\u0131m - \u0130zmir\",\"description\":\"\u0130zmir Varta Ak\u00fc - Ak\u00fc Market - Ak\u00fc Yol Yard\u0131m -  \u0130zmir\",\"publisher\":{\"@id\":\"https:\/\/izmirvartaaku.com\/#organization\"},\"potentialAction\":[{\"@type\":\"SearchAction\",\"target\":{\"@type\":\"EntryPoint\",\"urlTemplate\":\"https:\/\/izmirvartaaku.com\/?s={search_term_string}\"},\"query-input\":{\"@type\":\"PropertyValueSpecification\",\"valueRequired\":true,\"valueName\":\"search_term_string\"}}],\"inLanguage\":\"en-US\"},{\"@type\":\"Organization\",\"@id\":\"https:\/\/izmirvartaaku.com\/#organization\",\"name\":\"\u0130zmir Varta Ak\u00fc - Ak\u00fc Market - Ak\u00fc Yol Yard\u0131m - \u0130zmir\",\"url\":\"https:\/\/izmirvartaaku.com\/\",\"logo\":{\"@type\":\"ImageObject\",\"inLanguage\":\"en-US\",\"@id\":\"https:\/\/izmirvartaaku.com\/#\/schema\/logo\/image\/\",\"url\":\"https:\/\/izmirvartaaku.com\/wp-content\/uploads\/2026\/01\/izmir-varta-aku-logo.png\",\"contentUrl\":\"https:\/\/izmirvartaaku.com\/wp-content\/uploads\/2026\/01\/izmir-varta-aku-logo.png\",\"width\":200,\"height\":92,\"caption\":\"\u0130zmir Varta Ak\u00fc - Ak\u00fc Market - Ak\u00fc Yol Yard\u0131m - \u0130zmir\"},\"image\":{\"@id\":\"https:\/\/izmirvartaaku.com\/#\/schema\/logo\/image\/\"}}]}<\/script>\n<!-- \/ Yoast SEO plugin. -->","yoast_head_json":{"title":"Bosch S5 A04 AGM 12V 70Ah 760A (EN) Ak\u00fc - \u0130zmir Varta Ak\u00fc - Ak\u00fc Market - Ak\u00fc Yol Yard\u0131m - \u0130zmir","description":"Bosch S5 A04 AGM 12V 70Ah 760A (EN) Ak\u00fc - \u0130zmir Varta Ak\u00fc - Ak\u00fc Market - Ak\u00fc Yol Yard\u0131m - \u0130zmir","robots":{"index":"index","follow":"follow","max-snippet":"max-snippet:-1","max-image-preview":"max-image-preview:large","max-video-preview":"max-video-preview:-1"},"canonical":"https:\/\/izmirvartaaku.com\/en\/product\/bosch-s5-a04-agm-start-stop-12v-70ah-760a-en-aku\/","og_locale":"en_US","og_type":"article","og_title":"Bosch S5 A04 AGM 12V 70Ah 760A (EN) Ak\u00fc - \u0130zmir Varta Ak\u00fc - Ak\u00fc Market - Ak\u00fc Yol Yard\u0131m - \u0130zmir","og_description":"Bosch S5 A04 AGM 12V 70Ah 760A (EN) Ak\u00fc - \u0130zmir Varta Ak\u00fc - Ak\u00fc Market - Ak\u00fc Yol Yard\u0131m - \u0130zmir","og_url":"https:\/\/izmirvartaaku.com\/en\/product\/bosch-s5-a04-agm-start-stop-12v-70ah-760a-en-aku\/","og_site_name":"\u0130zmir Varta Ak\u00fc - Ak\u00fc Market - Ak\u00fc Yol Yard\u0131m - \u0130zmir","article_modified_time":"2026-03-11T19:41:45+00:00","twitter_card":"summary_large_image","twitter_misc":{"Est. reading time":"1 minute"},"schema":{"@context":"https:\/\/schema.org","@graph":[{"@type":"WebPage","@id":"https:\/\/izmirvartaaku.com\/urun\/bosch-s5-a04-agm-start-stop-12v-70ah-760a-en-aku\/","url":"https:\/\/izmirvartaaku.com\/urun\/bosch-s5-a04-agm-start-stop-12v-70ah-760a-en-aku\/","name":"Bosch S5 A04 AGM 12V 70Ah 760A (EN) Ak\u00fc - \u0130zmir Varta Ak\u00fc - Ak\u00fc Market - Ak\u00fc Yol Yard\u0131m - \u0130zmir","isPartOf":{"@id":"https:\/\/izmirvartaaku.com\/#website"},"primaryImageOfPage":{"@id":"https:\/\/izmirvartaaku.com\/urun\/bosch-s5-a04-agm-start-stop-12v-70ah-760a-en-aku\/#primaryimage"},"image":{"@id":"https:\/\/izmirvartaaku.com\/urun\/bosch-s5-a04-agm-start-stop-12v-70ah-760a-en-aku\/#primaryimage"},"thumbnailUrl":"https:\/\/izmirvartaaku.com\/wp-content\/uploads\/2026\/02\/Bosch-S5-A04-AGM-Start-Stop-12-V-70-Ah-760-A-Aku.avif","datePublished":"2026-02-12T07:17:55+00:00","dateModified":"2026-03-11T19:41:45+00:00","description":"Bosch S5 A04 AGM 12V 70Ah 760A (EN) Ak\u00fc - \u0130zmir Varta Ak\u00fc - Ak\u00fc Market - Ak\u00fc Yol Yard\u0131m - \u0130zmir","breadcrumb":{"@id":"https:\/\/izmirvartaaku.com\/urun\/bosch-s5-a04-agm-start-stop-12v-70ah-760a-en-aku\/#breadcrumb"},"inLanguage":"en-US","potentialAction":[{"@type":"ReadAction","target":["https:\/\/izmirvartaaku.com\/urun\/bosch-s5-a04-agm-start-stop-12v-70ah-760a-en-aku\/"]}]},{"@type":"ImageObject","inLanguage":"en-US","@id":"https:\/\/izmirvartaaku.com\/urun\/bosch-s5-a04-agm-start-stop-12v-70ah-760a-en-aku\/#primaryimage","url":"https:\/\/izmirvartaaku.com\/wp-content\/uploads\/2026\/02\/Bosch-S5-A04-AGM-Start-Stop-12-V-70-Ah-760-A-Aku.avif","contentUrl":"https:\/\/izmirvartaaku.com\/wp-content\/uploads\/2026\/02\/Bosch-S5-A04-AGM-Start-Stop-12-V-70-Ah-760-A-Aku.avif","width":500,"height":328},{"@type":"BreadcrumbList","@id":"https:\/\/izmirvartaaku.com\/urun\/bosch-s5-a04-agm-start-stop-12v-70ah-760a-en-aku\/#breadcrumb","itemListElement":[{"@type":"ListItem","position":1,"name":"Anasayfa","item":"https:\/\/izmirvartaaku.com\/"},{"@type":"ListItem","position":2,"name":"T\u00fcm \u00dcr\u00fcnler","item":"https:\/\/izmirvartaaku.com\/tum-urunler\/"},{"@type":"ListItem","position":3,"name":"Bosch S5 A04 AGM 12V 70Ah 760A (EN) Ak\u00fc"}]},{"@type":"WebSite","@id":"https:\/\/izmirvartaaku.com\/#website","url":"https:\/\/izmirvartaaku.com\/","name":"\u0130zmir Varta Ak\u00fc - Ak\u00fc Market - Ak\u00fc Yol Yard\u0131m - \u0130zmir","description":"\u0130zmir Varta Ak\u00fc - Ak\u00fc Market - Ak\u00fc Yol Yard\u0131m -  \u0130zmir","publisher":{"@id":"https:\/\/izmirvartaaku.com\/#organization"},"potentialAction":[{"@type":"SearchAction","target":{"@type":"EntryPoint","urlTemplate":"https:\/\/izmirvartaaku.com\/?s={search_term_string}"},"query-input":{"@type":"PropertyValueSpecification","valueRequired":true,"valueName":"search_term_string"}}],"inLanguage":"en-US"},{"@type":"Organization","@id":"https:\/\/izmirvartaaku.com\/#organization","name":"\u0130zmir Varta Ak\u00fc - Ak\u00fc Market - Ak\u00fc Yol Yard\u0131m - \u0130zmir","url":"https:\/\/izmirvartaaku.com\/","logo":{"@type":"ImageObject","inLanguage":"en-US","@id":"https:\/\/izmirvartaaku.com\/#\/schema\/logo\/image\/","url":"https:\/\/izmirvartaaku.com\/wp-content\/uploads\/2026\/01\/izmir-varta-aku-logo.png","contentUrl":"https:\/\/izmirvartaaku.com\/wp-content\/uploads\/2026\/01\/izmir-varta-aku-logo.png","width":200,"height":92,"caption":"\u0130zmir Varta Ak\u00fc - Ak\u00fc Market - Ak\u00fc Yol Yard\u0131m - \u0130zmir"},"image":{"@id":"https:\/\/izmirvartaaku.com\/#\/schema\/logo\/image\/"}}]}},"_links":{"self":[{"href":"https:\/\/izmirvartaaku.com\/en\/wp-json\/wp\/v2\/product\/1788","targetHints":{"allow":["GET"]}}],"collection":[{"href":"https:\/\/izmirvartaaku.com\/en\/wp-json\/wp\/v2\/product"}],"about":[{"href":"https:\/\/izmirvartaaku.com\/en\/wp-json\/wp\/v2\/types\/product"}],"replies":[{"embeddable":true,"href":"https:\/\/izmirvartaaku.com\/en\/wp-json\/wp\/v2\/comments?post=1788"}],"wp:featuredmedia":[{"embeddable":true,"href":"https:\/\/izmirvartaaku.com\/en\/wp-json\/wp\/v2\/media\/1789"}],"wp:attachment":[{"href":"https:\/\/izmirvartaaku.com\/en\/wp-json\/wp\/v2\/media?parent=1788"}],"wp:term":[{"taxonomy":"product_brand","embeddable":true,"href":"https:\/\/izmirvartaaku.com\/en\/wp-json\/wp\/v2\/product_brand?post=1788"},{"taxonomy":"product_cat","embeddable":true,"href":"https:\/\/izmirvartaaku.com\/en\/wp-json\/wp\/v2\/product_cat?post=1788"},{"taxonomy":"product_tag","embeddable":true,"href":"https:\/\/izmirvartaaku.com\/en\/wp-json\/wp\/v2\/product_tag?post=1788"}],"curies":[{"name":"wp","href":"https:\/\/api.w.org\/{rel}","templated":true}]}}